{"id":797,"date":"2016-09-27T11:09:10","date_gmt":"2016-09-27T09:09:10","guid":{"rendered":"http:\/\/aresu2016.jservice.com\/?page_id=797"},"modified":"2018-06-22T11:41:29","modified_gmt":"2018-06-22T09:41:29","slug":"condizioni-di-vendita","status":"publish","type":"page","link":"https:\/\/www.formaggiaresu.com\/en\/condizioni-di-vendita\/","title":{"rendered":"Condizioni di vendita"},"content":{"rendered":"<p><div class=\"fusion-fullwidth fullwidth-box fusion-fullwidth-2  fusion-parallax-none nonhundred-percent-fullwidth condizioni_vendita\" style=\"border-color:#eae9e9;border-bottom-width: 0px;border-top-width: 0px;border-bottom-style: solid;border-top-style: solid;padding-bottom:20px;padding-top:20px;padding-left:;padding-right:;background-color:rgba(255,255,255,0);\"><style type=\"text\/css\" scoped=\"scoped\">.fusion-fullwidth-2 {\n                            padding-left: px !important;\n                            padding-right: px !important;\n                        }<\/style><div class=\"fusion-row\"><div class=\"fusion-one-full fusion-layout-column fusion-column-last fusion-spacing-yes\" style=\"margin-top:0px;margin-bottom:20px;\"><div class=\"fusion-column-wrapper\"><h2>1.Oggetto del contratto on line e sua definizione<\/h2>\n<p>Per contratto di compravendita &#8220;on line&#8221; si intende il contratto a distanza e cio\u00e8 il negozio giuridico avente per oggetto beni mobili e\/o servizi stipulato tra FORMAGGI ARESU SRL ARTIGIANA , d&#8217;ora in avanti denominata \u201cFORNITORE\u201d con sede legale a\u00a0Donori 09040\u00a0(Cagliari) Italy\u00a0in via Vittorio Emanuele 43, e il Consumatore, negli articoli successivi denominato \u201c CLIENTE\u201d, nell&#8217;ambito di un sistema di vendita a distanza organizzato dal Fornitore che, per tale contratto, impiega la tecnologia di comunicazione a distanza denominata &#8220;internet&#8221;. Tutti i contratti, pertanto, saranno conclusi direttamente attraverso l&#8217;accesso da parte del Cliente al sito internet corrispondente all&#8217;indirizzo shop: www.formaggiaresu.com, ove, seguendo le indicate procedure, arriver\u00e0 a concludere il contratto per l&#8217;acquisto del bene. Per Consumatore s&#8217;intende la persona fisica che acquista beni e servizi per scopi estranei all&#8217;attivit\u00e0 imprenditoriale, commerciale, artigianale o professionale eventualmente svolta. Qui di seguito si riportano le condizioni di vendita che rimarranno efficaci finch\u00e9 non verranno variate dal Fornitore. Le eventuali modifiche alle condizioni di vendita saranno efficaci dal momento in cui saranno pubblicate sul sito internet www.formaggiaresu.com e si riferiranno alle vendite effettuate da quel momento in poi.<\/p>\n<h2>2. Prezzi di vendita e modalit\u00e0 d\u2019acquisto<\/h2>\n<p>Il peso dei prodotti inserito, si riferisce ad un peso minimo garantito, cio\u00e8 non verranno evasi dei pezzi\\ forme\\ confezioni, aventi peso inferiore di quello inserito nel listino presente nel sito web https:\/\/www.formaggiaresu.com.<br \/>\nTutti i prezzi di vendita dei beni e\/o servizi esposti e indicati all&#8217;interno del sito internet www.formaggiaresu.com , per i quali costituiscono offerta al pubblico ai sensi dell&#8217;art. 1336 c.c., sono comprensivi di I.V.A.(4%) e di ogni altra imposta (salvo diversamente indicato). Tutti i prezzi dei prodotti hanno validit\u00e0 esclusivamente nel territorio italiano. Ove previsto un costo di trasporto \u00e8 debitamente evidenziato nell&#8217;apposita pagina all&#8217;interno del sito che il Cliente avr\u00e0 cura di visionare prima di confermare l&#8217;acquisto. Il contratto di acquisto si perfeziona mediante l&#8217;esatta compilazione ed il consenso all&#8217;acquisto manifestato tramite l&#8217;adesione data &#8220;on line&#8221;. Il Cliente pu\u00f2 pagare la merce ordinata utilizzando solamente le modalit\u00e0 di pagamento indicate on-line all&#8217;atto dell&#8217;acquisto.<\/p>\n<h2>3. Esecuzione del contratto e modalit\u00e0 di consegna:<\/h2>\n<p>Gli ordini ricevuti verranno evasi in due giorni lavorativi in caso di pagamento con Carta di Credito. I tempi di evasione saranno necessariamente pi\u00f9 lunghi fino a 2\/3 giorni lavorativi, e comunque sempre vincolati ai tempi richiesti dalla banca in tutti i casi in cui si \u00e8 scelta come modalit\u00e0 di pagamento il bonifico bancario. La consegna, che potr\u00e0 avvenire a mezzo propria rete distributiva, a mezzo corriere oppure a mezzo posta ordinaria, sar\u00e0 effettuata in 3\/5 giorni lavorativi (che diventeranno 6-7 giorni lavorativi per la Sicilia e le Isole minori) e in ambiente refrigerato laddove il prodotto espressamente lo richieda. I tempi di recapito, che non supereranno mai, in ogni caso, quelli previsti dall\u2019art. 6 D. Lgs. 185\/99 (30 giorni dalla data dell&#8217;ordine), possono variare in funzione dello spedizioniere selezionato. In caso di assenza del Cliente al momento della consegna verr\u00e0 lasciato un avviso e il Cliente dovr\u00e0 provvedere personalmente a contattare nel pi\u00f9 breve tempo possibile il corriere o spedizioniere onde concordare le modalit\u00e0 di consegna, consapevole che tutti i costi aggiuntivi dovuti al ritardo della consegna saranno di sua esclusiva competenza. In tale caso nessuna responsabilit\u00e0 potr\u00e0 per\u00f2 essere attribuita al Fornitore per il caso di deperimento dei prodotti spediti in ambiente refrigerato qualora ci\u00f2 sia dovuto all\u2019inerzia del Cliente nel prendere contatti con il corriere e nel curare il tempestivo ritiro dei beni.<\/p>\n<p><strong>Sospensione spedizioni periodo estivo.<\/strong><\/p>\n<p>Per motivi gestionali e per garantire la massima qualit\u00e0 dei nostri prodotti a causa delle alte temperature estive, le vendite verranno sospese dal 01 luglio al 31 Agosto. Tutti gli ordini effettuati durante questo periodo saranno evasi a partire dal 1 Settembre.<\/p>\n<h2>4. Disponibilit\u00e0 dei prodotti<\/h2>\n<p>Il Cliente potr\u00e0 acquistare i prodotti indicati nel sito www.formaggiaresu.com nelle quantit\u00e0 esistenti a magazzino. Qualora un ordine dovesse superare le quantit\u00e0 esistenti a magazzino, il sistema informatico accetter\u00e0 l&#8217;acquisto limitatamente ai prodotti disponibili.<\/p>\n<h2>5. Esclusione di responsabilit\u00e0<\/h2>\n<p>Il Fornitore non assume alcuna responsabilit\u00e0 per i disservizi imputabili a causa di forza maggiore quali incidenti, esplosioni, incendi, scioperi e\/o serrate, terremoti, alluvioni e altri similari eventi che impedissero, in tutto o in parte, di dare esecuzione al contratto nei tempi concordati. Il Fornitore non sar\u00e0 responsabile nei confronti di alcuna parte in merito a danni, perdite e costi subiti a seguito della mancata o ritardata esecuzione del contratto per le cause sopra citate. Parimenti il Fornitore non \u00e8 responsabile dell&#8217;eventuale uso fraudolento e illecito che possa essere fatto da parte di terzi, di carte di credito, assegni ed altri mezzi di pagamento, all&#8217;atto del pagamento dei prodotti acquistati. Il Fornitore, infatti, in nessun momento della procedura d&#8217;acquisto \u00e8 in grado di conoscere il numero di carta di credito del Cliente il quale, aprendosi una connessione protetta, viene trasmesso direttamente all&#8217;Istituto Bancario gestore del servizio.<\/p>\n<h2>6. Obblighi del cliente<\/h2>\n<p>Il Cliente si impegna ed obbliga, una volta conclusa la procedura d&#8217;acquisto &#8220;on line&#8221;, a provvedere alla stampa e alla conservazione delle presenti condizioni generali, che, peraltro, avr\u00e0 gi\u00e0 visionato ed accettato in quanto passaggio obbligato nell&#8217;acquisto, nonch\u00e9 delle specifiche del prodotto oggetto dell&#8217;acquisto, e ci\u00f2 al fine di soddisfare integralmente la condizione di cui agli artt. 3 e 4 del Decr. Legisl. N\u00b0 185\/1999. \u00c8 fatto severo divieto al Cliente di inserire dati falsi, e\/o inventati, e\/o di fantasia, nella procedura di registrazione necessaria ad attivare nei suoi confronti l&#8217;iter per l&#8217;esecuzione del presente contratto e le relative ulteriori comunicazioni; i dati anagrafici e la e-mail devono essere esclusivamente i propri reali dati personali e non di terze persone, oppure di fantasia. \u00c8 espressamente vietato effettuare doppie registrazioni corrispondenti ad una sola persona o inserire dati di terze persone. Il Fornitore si riserva di perseguire legalmente ogni violazione ed abuso, nell&#8217;interesse e per la tutela dei consumatori tutti.<\/p>\n<h2>7. Diritto di recesso e reclami<\/h2>\n<p>Il Cliente che per qualsiasi ragione non si ritenesse soddisfatto dell&#8217;acquisto effettuato, ha diritto di recedere dal contratto stipulato, senza alcuna penalit\u00e0 e senza specificarne il motivo, entro il termine di 10 giorni lavorativi decorrenti dal ricevimento dei beni. Il recesso dovr\u00e0 essere manifestato mediante l&#8217;invio nel predetto termine di giorni 10 di una lettera raccomandata con avviso di ricevimento al seguente indirizzo FORMAGGI ARESU SRL ARTIGIANA, Via Vittorio Emanuele 43, 09040 Donori ( Cagliari ) Italy. Entro lo stesso termine pu\u00f2 essere inviato un fax al n. 070\/98 17 121 oppure una e-mail all&#8217;indirizzo info@formaggiaresu.com al quale dovr\u00e0 seguire entro 48 ore la suindicata lettera raccomandata con avviso di ricevimento a conferma del manifestato recesso. Il Cliente non pu\u00f2 esercitare tale diritto di recesso medesimo per prodotti confezionati su misura o chiaramente personalizzati o che, per loro natura, non possono essere rinviati o rischiano di deteriorarsi o alterarsi rapidamente, ai sensi dell\u2019art. 55 comma 2 lett. \u201cC\u201d D. Lgs 206\/05. Entro il suindicato termine di giorni 10 dovranno essere restituiti al Fornitore sopra indicato tutti i beni acquistati, integri e nella loro confezione originaria, senza alcuna mancanza. Le spese di restituzione saranno a carico del Cliente. Una volta ricevuta la richiesta il Fornitore provveder\u00e0 all&#8217;inoltro dell&#8217;intero importo versato dal Cliente, ivi comprese le spese per la spedizione della merce dal Fornitore al Cliente, entro il termine di trenta giorni. Sar\u00e0 cura del Cliente fornire tempestivamente, al momento dell&#8217;invio della lettera raccomandata con la richiesta di recesso, le coordinate bancarie sulle quali ottenere il bonifico.<\/p>\n<h2>8. Clausola risolutiva espressa<\/h2>\n<p>Il rispetto dell&#8217;art.6 che precede (obblighi del Cliente) costituisce carattere essenziale del contratto, cos\u00ec come la garanzia del buon fine del pagamento che il Cliente effettua con i mezzi indicati al precedente art.2. Per patto espresso tra le parti, in caso di inadempimento da parte del Cliente di una soltanto di dette obbligazioni determiner\u00e0 la risoluzione dei diritto del contratto ex art.1456, senza necessit\u00e0 di pronuncia giudiziale, fatto salvo il diritto per il Fornitore di agire in giudizio per il risarcimento del maggior danno.<br \/>\nIn tal caso il Cliente avr\u00e0 diritto esclusivamente alla restituzione dell&#8217;eventuale somma gi\u00e0 assunte e corrisposte.<\/p>\n<h2>9. Giurisdizione e Foro competente<\/h2>\n<p>Ogni controversia relativa all&#8217;applicazione, esecuzione, interpretazione e violazione dei contratti d&#8217;acquisto stipulati &#8220;on line&#8221; tramite il sito internet www.formaggiaresu.com \u00e8 sottoposta alla giurisdizione italiana; le presenti condizioni generali si riportano, per quanto non espressamente ivi previsto, al combinato disposto del decreto legislativo n\u00b0 50 del 15.1.1992 e del decreto legislativo n\u00b0 185 del 22.5.1999. Per qualsiasi controversia tra le parti in merito al presente contratto sar\u00e0 competente il Foro di residenza o domicilio elettivo del Cliente, se ubicato nel territorio dello Stato (Art. 63 D. Lgs. 206\/05). In tutti gli altri casi sar\u00e0 competente il foro di Cagliari (Ca).<\/p>\n<div class=\"fusion-clearfix\"><\/div><\/div><\/div><div class=\"fusion-clearfix\"><\/div><\/div><\/div><\/p>","protected":false},"excerpt":{"rendered":"","protected":false},"author":1,"featured_media":0,"parent":0,"menu_order":0,"comment_status":"closed","ping_status":"closed","template":"","meta":{"footnotes":""},"class_list":["post-797","page","type-page","status-publish","hentry"],"yoast_head":"<!-- This site is optimized with the Yoast SEO plugin v26.8 - https:\/\/yoast.com\/product\/yoast-seo-wordpress\/ -->\n<title>Condizioni di vendita - Formaggi Aresu<\/title>\n<meta name=\"robots\" content=\"index, follow, max-snippet:-1, max-image-preview:large, max-video-preview:-1\" \/>\n<link rel=\"canonical\" href=\"https:\/\/www.formaggiaresu.com\/de\/condizioni-di-vendita\/\" \/>\n<meta property=\"og:locale\" content=\"en_US\" \/>\n<meta property=\"og:type\" content=\"article\" \/>\n<meta property=\"og:title\" content=\"Condizioni di vendita - Formaggi Aresu\" \/>\n<meta property=\"og:url\" content=\"https:\/\/www.formaggiaresu.com\/de\/condizioni-di-vendita\/\" \/>\n<meta property=\"og:site_name\" content=\"Formaggi Aresu\" \/>\n<meta property=\"article:modified_time\" content=\"2018-06-22T09:41:29+00:00\" \/>\n<meta name=\"twitter:card\" content=\"summary_large_image\" \/>\n<meta name=\"twitter:label1\" content=\"Est. reading time\" \/>\n\t<meta name=\"twitter:data1\" content=\"23 minutes\" \/>\n<script type=\"application\/ld+json\" class=\"yoast-schema-graph\">{\"@context\":\"https:\/\/schema.org\",\"@graph\":[{\"@type\":\"WebPage\",\"@id\":\"https:\/\/www.formaggiaresu.com\/de\/condizioni-di-vendita\/\",\"url\":\"https:\/\/www.formaggiaresu.com\/de\/condizioni-di-vendita\/\",\"name\":\"Condizioni di vendita - Formaggi Aresu\",\"isPartOf\":{\"@id\":\"https:\/\/www.formaggiaresu.com\/#website\"},\"datePublished\":\"2016-09-27T09:09:10+00:00\",\"dateModified\":\"2018-06-22T09:41:29+00:00\",\"breadcrumb\":{\"@id\":\"https:\/\/www.formaggiaresu.com\/de\/condizioni-di-vendita\/#breadcrumb\"},\"inLanguage\":\"en-US\",\"potentialAction\":[{\"@type\":\"ReadAction\",\"target\":[\"https:\/\/www.formaggiaresu.com\/de\/condizioni-di-vendita\/\"]}]},{\"@type\":\"BreadcrumbList\",\"@id\":\"https:\/\/www.formaggiaresu.com\/de\/condizioni-di-vendita\/#breadcrumb\",\"itemListElement\":[{\"@type\":\"ListItem\",\"position\":1,\"name\":\"Home\",\"item\":\"https:\/\/www.formaggiaresu.com\/\"},{\"@type\":\"ListItem\",\"position\":2,\"name\":\"Verkaufsbestimmungen\"}]},{\"@type\":\"WebSite\",\"@id\":\"https:\/\/www.formaggiaresu.com\/#website\",\"url\":\"https:\/\/www.formaggiaresu.com\/\",\"name\":\"Formaggi Aresu\",\"description\":\"\",\"potentialAction\":[{\"@type\":\"SearchAction\",\"target\":{\"@type\":\"EntryPoint\",\"urlTemplate\":\"https:\/\/www.formaggiaresu.com\/?s={search_term_string}\"},\"query-input\":{\"@type\":\"PropertyValueSpecification\",\"valueRequired\":true,\"valueName\":\"search_term_string\"}}],\"inLanguage\":\"en-US\"}]}<\/script>\n<!-- \/ Yoast SEO plugin. -->","yoast_head_json":{"title":"Condizioni di vendita - Formaggi Aresu","robots":{"index":"index","follow":"follow","max-snippet":"max-snippet:-1","max-image-preview":"max-image-preview:large","max-video-preview":"max-video-preview:-1"},"canonical":"https:\/\/www.formaggiaresu.com\/de\/condizioni-di-vendita\/","og_locale":"en_US","og_type":"article","og_title":"Condizioni di vendita - Formaggi Aresu","og_url":"https:\/\/www.formaggiaresu.com\/de\/condizioni-di-vendita\/","og_site_name":"Formaggi Aresu","article_modified_time":"2018-06-22T09:41:29+00:00","twitter_card":"summary_large_image","twitter_misc":{"Est. reading time":"23 minutes"},"schema":{"@context":"https:\/\/schema.org","@graph":[{"@type":"WebPage","@id":"https:\/\/www.formaggiaresu.com\/de\/condizioni-di-vendita\/","url":"https:\/\/www.formaggiaresu.com\/de\/condizioni-di-vendita\/","name":"Condizioni di vendita - Formaggi Aresu","isPartOf":{"@id":"https:\/\/www.formaggiaresu.com\/#website"},"datePublished":"2016-09-27T09:09:10+00:00","dateModified":"2018-06-22T09:41:29+00:00","breadcrumb":{"@id":"https:\/\/www.formaggiaresu.com\/de\/condizioni-di-vendita\/#breadcrumb"},"inLanguage":"en-US","potentialAction":[{"@type":"ReadAction","target":["https:\/\/www.formaggiaresu.com\/de\/condizioni-di-vendita\/"]}]},{"@type":"BreadcrumbList","@id":"https:\/\/www.formaggiaresu.com\/de\/condizioni-di-vendita\/#breadcrumb","itemListElement":[{"@type":"ListItem","position":1,"name":"Home","item":"https:\/\/www.formaggiaresu.com\/"},{"@type":"ListItem","position":2,"name":"Verkaufsbestimmungen"}]},{"@type":"WebSite","@id":"https:\/\/www.formaggiaresu.com\/#website","url":"https:\/\/www.formaggiaresu.com\/","name":"Formaggi Aresu","description":"","potentialAction":[{"@type":"SearchAction","target":{"@type":"EntryPoint","urlTemplate":"https:\/\/www.formaggiaresu.com\/?s={search_term_string}"},"query-input":{"@type":"PropertyValueSpecification","valueRequired":true,"valueName":"search_term_string"}}],"inLanguage":"en-US"}]}},"_links":{"self":[{"href":"https:\/\/www.formaggiaresu.com\/en\/wp-json\/wp\/v2\/pages\/797","targetHints":{"allow":["GET"]}}],"collection":[{"href":"https:\/\/www.formaggiaresu.com\/en\/wp-json\/wp\/v2\/pages"}],"about":[{"href":"https:\/\/www.formaggiaresu.com\/en\/wp-json\/wp\/v2\/types\/page"}],"author":[{"embeddable":true,"href":"https:\/\/www.formaggiaresu.com\/en\/wp-json\/wp\/v2\/users\/1"}],"replies":[{"embeddable":true,"href":"https:\/\/www.formaggiaresu.com\/en\/wp-json\/wp\/v2\/comments?post=797"}],"version-history":[{"count":14,"href":"https:\/\/www.formaggiaresu.com\/en\/wp-json\/wp\/v2\/pages\/797\/revisions"}],"predecessor-version":[{"id":1772,"href":"https:\/\/www.formaggiaresu.com\/en\/wp-json\/wp\/v2\/pages\/797\/revisions\/1772"}],"wp:attachment":[{"href":"https:\/\/www.formaggiaresu.com\/en\/wp-json\/wp\/v2\/media?parent=797"}],"curies":[{"name":"wp","href":"https:\/\/api.w.org\/{rel}","templated":true}]}}