{"id":449,"date":"2016-06-17T09:53:01","date_gmt":"2016-06-17T07:53:01","guid":{"rendered":"http:\/\/aresu2016.jservice.com\/prodotto\/trifoglio\/"},"modified":"2018-02-28T14:50:19","modified_gmt":"2018-02-28T13:50:19","slug":"formaggio-a-pasta-molle-trifoglio","status":"publish","type":"product","link":"https:\/\/www.formaggiaresu.com\/de\/formaggi\/formaggio-a-pasta-molle-trifoglio\/","title":{"rendered":"Trifoglio \u00ae"},"content":{"rendered":"<p>Weicher K\u00e4se, 20-30 t\u00e4gige Reifung. Geschmeidige, klebrige Masse. S\u00fc\u00dfer Geschmack. Verf\u00fcgbar in verschiedenen Formaten, ideal f\u00fcr K\u00fcche und Grill.<\/p>","protected":false},"excerpt":{"rendered":"<p><span class=\"sottotitolo\">K\u00e4semischung Kuh &#8211;\u00a0Schaf\u00a0<\/span><br \/>\nVerf\u00fcgbare Formate:<br \/>\n[checklist icon=\"fa-angle-right\" iconcolor=\"#ffffff\" circle=\"yes\" circlecolor=\"#006258\" size=\"14px\" class=\"listapro\" id=\"\"][li_item icon=\"\"]1\/8 &#8211; 350gr: 3,00\u20ac[\/li_item][li_item icon=\"\"]Ganze Form &#8211; 3,4Kg: 25\u20ac[\/li_item][\/checklist]<\/p>\n","protected":false},"featured_media":912,"template":"","meta":[],"class_list":{"0":"post-449","1":"product","2":"type-product","3":"status-publish","4":"has-post-thumbnail","6":"product_cat-formaggio-ovino-vaccino","8":"first","9":"instock","10":"taxable","11":"shipping-taxable","12":"purchasable","13":"product-type-variable"},"yoast_head":"<!-- This site is optimized with the Yoast SEO plugin v26.8 - https:\/\/yoast.com\/product\/yoast-seo-wordpress\/ -->\n<title>Formaggio Aresu Trifoglio a pasta molle<\/title>\n<meta name=\"description\" content=\"Formaggio a pasta molle con stagionatura 20 -30 gg a pasta elastica ed adesiva dal gusto dolce e delicato.\" \/>\n<meta name=\"robots\" content=\"index, follow, max-snippet:-1, max-image-preview:large, max-video-preview:-1\" \/>\n<link rel=\"canonical\" href=\"https:\/\/www.formaggiaresu.com\/de\/formaggi\/formaggio-a-pasta-molle-trifoglio\/\" \/>\n<meta property=\"og:locale\" content=\"de_DE\" \/>\n<meta property=\"og:type\" content=\"article\" \/>\n<meta property=\"og:title\" content=\"Formaggio Aresu Trifoglio a pasta molle\" \/>\n<meta property=\"og:description\" content=\"Formaggio a pasta molle con stagionatura 20 -30 gg a pasta elastica ed adesiva dal gusto dolce e delicato.\" \/>\n<meta property=\"og:url\" content=\"https:\/\/www.formaggiaresu.com\/de\/formaggi\/formaggio-a-pasta-molle-trifoglio\/\" \/>\n<meta property=\"og:site_name\" content=\"Formaggi Aresu\" \/>\n<meta property=\"article:modified_time\" content=\"2018-02-28T13:50:19+00:00\" \/>\n<meta property=\"og:image\" content=\"https:\/\/www.formaggiaresu.com\/wp-content\/uploads\/2016\/06\/trifoglio-3.5kg-1-scaled.jpg\" \/>\n\t<meta property=\"og:image:width\" content=\"2560\" \/>\n\t<meta property=\"og:image:height\" content=\"1696\" \/>\n\t<meta property=\"og:image:type\" content=\"image\/jpeg\" \/>\n<meta name=\"twitter:card\" content=\"summary_large_image\" \/>\n<script type=\"application\/ld+json\" class=\"yoast-schema-graph\">{\"@context\":\"https:\/\/schema.org\",\"@graph\":[{\"@type\":\"WebPage\",\"@id\":\"https:\/\/www.formaggiaresu.com\/de\/formaggi\/formaggio-a-pasta-molle-trifoglio\/\",\"url\":\"https:\/\/www.formaggiaresu.com\/de\/formaggi\/formaggio-a-pasta-molle-trifoglio\/\",\"name\":\"Formaggio Aresu Trifoglio a pasta molle\",\"isPartOf\":{\"@id\":\"https:\/\/www.formaggiaresu.com\/#website\"},\"primaryImageOfPage\":{\"@id\":\"https:\/\/www.formaggiaresu.com\/de\/formaggi\/formaggio-a-pasta-molle-trifoglio\/#primaryimage\"},\"image\":{\"@id\":\"https:\/\/www.formaggiaresu.com\/de\/formaggi\/formaggio-a-pasta-molle-trifoglio\/#primaryimage\"},\"thumbnailUrl\":\"https:\/\/www.formaggiaresu.com\/wp-content\/uploads\/2016\/06\/trifoglio-3.5kg-1-scaled.jpg\",\"datePublished\":\"2016-06-17T07:53:01+00:00\",\"dateModified\":\"2018-02-28T13:50:19+00:00\",\"description\":\"Formaggio a pasta molle con stagionatura 20 -30 gg a pasta elastica ed adesiva dal gusto dolce e delicato.\",\"breadcrumb\":{\"@id\":\"https:\/\/www.formaggiaresu.com\/de\/formaggi\/formaggio-a-pasta-molle-trifoglio\/#breadcrumb\"},\"inLanguage\":\"de\",\"potentialAction\":[{\"@type\":\"ReadAction\",\"target\":[\"https:\/\/www.formaggiaresu.com\/de\/formaggi\/formaggio-a-pasta-molle-trifoglio\/\"]}]},{\"@type\":\"ImageObject\",\"inLanguage\":\"de\",\"@id\":\"https:\/\/www.formaggiaresu.com\/de\/formaggi\/formaggio-a-pasta-molle-trifoglio\/#primaryimage\",\"url\":\"https:\/\/www.formaggiaresu.com\/wp-content\/uploads\/2016\/06\/trifoglio-3.5kg-1-scaled.jpg\",\"contentUrl\":\"https:\/\/www.formaggiaresu.com\/wp-content\/uploads\/2016\/06\/trifoglio-3.5kg-1-scaled.jpg\",\"width\":2560,\"height\":1696},{\"@type\":\"BreadcrumbList\",\"@id\":\"https:\/\/www.formaggiaresu.com\/de\/formaggi\/formaggio-a-pasta-molle-trifoglio\/#breadcrumb\",\"itemListElement\":[{\"@type\":\"ListItem\",\"position\":1,\"name\":\"Home\",\"item\":\"https:\/\/www.formaggiaresu.com\/\"},{\"@type\":\"ListItem\",\"position\":2,\"name\":\"Products\",\"item\":\"https:\/\/www.formaggiaresu.com\/shop\/\"},{\"@type\":\"ListItem\",\"position\":3,\"name\":\"Trifoglio \u00ae\"}]},{\"@type\":\"WebSite\",\"@id\":\"https:\/\/www.formaggiaresu.com\/#website\",\"url\":\"https:\/\/www.formaggiaresu.com\/\",\"name\":\"Formaggi Aresu\",\"description\":\"\",\"potentialAction\":[{\"@type\":\"SearchAction\",\"target\":{\"@type\":\"EntryPoint\",\"urlTemplate\":\"https:\/\/www.formaggiaresu.com\/?s={search_term_string}\"},\"query-input\":{\"@type\":\"PropertyValueSpecification\",\"valueRequired\":true,\"valueName\":\"search_term_string\"}}],\"inLanguage\":\"de\"}]}<\/script>\n<!-- \/ Yoast SEO plugin. -->","yoast_head_json":{"title":"Formaggio Aresu Trifoglio a pasta molle","description":"Formaggio a pasta molle con stagionatura 20 -30 gg a pasta elastica ed adesiva dal gusto dolce e delicato.","robots":{"index":"index","follow":"follow","max-snippet":"max-snippet:-1","max-image-preview":"max-image-preview:large","max-video-preview":"max-video-preview:-1"},"canonical":"https:\/\/www.formaggiaresu.com\/de\/formaggi\/formaggio-a-pasta-molle-trifoglio\/","og_locale":"de_DE","og_type":"article","og_title":"Formaggio Aresu Trifoglio a pasta molle","og_description":"Formaggio a pasta molle con stagionatura 20 -30 gg a pasta elastica ed adesiva dal gusto dolce e delicato.","og_url":"https:\/\/www.formaggiaresu.com\/de\/formaggi\/formaggio-a-pasta-molle-trifoglio\/","og_site_name":"Formaggi Aresu","article_modified_time":"2018-02-28T13:50:19+00:00","og_image":[{"width":2560,"height":1696,"url":"https:\/\/www.formaggiaresu.com\/wp-content\/uploads\/2016\/06\/trifoglio-3.5kg-1-scaled.jpg","type":"image\/jpeg"}],"twitter_card":"summary_large_image","schema":{"@context":"https:\/\/schema.org","@graph":[{"@type":"WebPage","@id":"https:\/\/www.formaggiaresu.com\/de\/formaggi\/formaggio-a-pasta-molle-trifoglio\/","url":"https:\/\/www.formaggiaresu.com\/de\/formaggi\/formaggio-a-pasta-molle-trifoglio\/","name":"Formaggio Aresu Trifoglio a pasta molle","isPartOf":{"@id":"https:\/\/www.formaggiaresu.com\/#website"},"primaryImageOfPage":{"@id":"https:\/\/www.formaggiaresu.com\/de\/formaggi\/formaggio-a-pasta-molle-trifoglio\/#primaryimage"},"image":{"@id":"https:\/\/www.formaggiaresu.com\/de\/formaggi\/formaggio-a-pasta-molle-trifoglio\/#primaryimage"},"thumbnailUrl":"https:\/\/www.formaggiaresu.com\/wp-content\/uploads\/2016\/06\/trifoglio-3.5kg-1-scaled.jpg","datePublished":"2016-06-17T07:53:01+00:00","dateModified":"2018-02-28T13:50:19+00:00","description":"Formaggio a pasta molle con stagionatura 20 -30 gg a pasta elastica ed adesiva dal gusto dolce e delicato.","breadcrumb":{"@id":"https:\/\/www.formaggiaresu.com\/de\/formaggi\/formaggio-a-pasta-molle-trifoglio\/#breadcrumb"},"inLanguage":"de","potentialAction":[{"@type":"ReadAction","target":["https:\/\/www.formaggiaresu.com\/de\/formaggi\/formaggio-a-pasta-molle-trifoglio\/"]}]},{"@type":"ImageObject","inLanguage":"de","@id":"https:\/\/www.formaggiaresu.com\/de\/formaggi\/formaggio-a-pasta-molle-trifoglio\/#primaryimage","url":"https:\/\/www.formaggiaresu.com\/wp-content\/uploads\/2016\/06\/trifoglio-3.5kg-1-scaled.jpg","contentUrl":"https:\/\/www.formaggiaresu.com\/wp-content\/uploads\/2016\/06\/trifoglio-3.5kg-1-scaled.jpg","width":2560,"height":1696},{"@type":"BreadcrumbList","@id":"https:\/\/www.formaggiaresu.com\/de\/formaggi\/formaggio-a-pasta-molle-trifoglio\/#breadcrumb","itemListElement":[{"@type":"ListItem","position":1,"name":"Home","item":"https:\/\/www.formaggiaresu.com\/"},{"@type":"ListItem","position":2,"name":"Products","item":"https:\/\/www.formaggiaresu.com\/shop\/"},{"@type":"ListItem","position":3,"name":"Trifoglio \u00ae"}]},{"@type":"WebSite","@id":"https:\/\/www.formaggiaresu.com\/#website","url":"https:\/\/www.formaggiaresu.com\/","name":"Formaggi Aresu","description":"","potentialAction":[{"@type":"SearchAction","target":{"@type":"EntryPoint","urlTemplate":"https:\/\/www.formaggiaresu.com\/?s={search_term_string}"},"query-input":{"@type":"PropertyValueSpecification","valueRequired":true,"valueName":"search_term_string"}}],"inLanguage":"de"}]}},"_links":{"self":[{"href":"https:\/\/www.formaggiaresu.com\/de\/wp-json\/wp\/v2\/product\/449","targetHints":{"allow":["GET"]}}],"collection":[{"href":"https:\/\/www.formaggiaresu.com\/de\/wp-json\/wp\/v2\/product"}],"about":[{"href":"https:\/\/www.formaggiaresu.com\/de\/wp-json\/wp\/v2\/types\/product"}],"wp:featuredmedia":[{"embeddable":true,"href":"https:\/\/www.formaggiaresu.com\/de\/wp-json\/wp\/v2\/media\/912"}],"wp:attachment":[{"href":"https:\/\/www.formaggiaresu.com\/de\/wp-json\/wp\/v2\/media?parent=449"}],"curies":[{"name":"wp","href":"https:\/\/api.w.org\/{rel}","templated":true}]}}