{"id":417,"date":"2016-06-16T16:38:04","date_gmt":"2016-06-16T14:38:04","guid":{"rendered":"http:\/\/aresu2016.jservice.com\/prodotto\/stuzzicante-classico\/"},"modified":"2017-04-28T09:42:23","modified_gmt":"2017-04-28T07:42:23","slug":"crema-di-formaggio-stuzzicante-classico","status":"publish","type":"product","link":"https:\/\/www.formaggiaresu.com\/de\/formaggi\/crema-di-formaggio-stuzzicante-classico\/","title":{"rendered":"Stuzzicante \u00ae"},"content":{"rendered":"<p>K\u00e4seaufstrich, in verschiedenen Varianten und auch personalisiert verf\u00fcgbar, f\u00fcr die modernen Bed\u00fcrfnisse der Gastronomie. Praktisch mit anregendem Geschmack.<\/p>","protected":false},"excerpt":{"rendered":"<p class=\"sottotitolo\">K\u00e4seaufstrich<\/p>\n<p>Verf\u00fcgbare Geschmacksarten:<br \/>\n[checklist icon=\"fa-angle-right\" iconcolor=\"#ffffff\" circle=\"yes\" circlecolor=\"#006258\" size=\"14px\" class=\"listapro\" id=\"\"][li_item icon=\"\"]Klassisch &#8211; 200gr: 2,20\u20ac[\/li_item][li_item icon=\"\"]Scharf &#8211; 200gr: 2,20\u20ac[\/li_item][li_item icon=\"\"]Chili &#8211; 200gr: 2,20\u20ac[\/li_item][li_item icon=\"\"]Ziegenk\u00e4se &#8211; 200gr: 2,50\u20ac[\/li_item][\/checklist]<\/p>\n","protected":false},"featured_media":929,"template":"","meta":[],"class_list":{"0":"post-417","1":"product","2":"type-product","3":"status-publish","4":"has-post-thumbnail","6":"product_cat-specialita-formaggi-speziati","8":"first","9":"instock","10":"taxable","11":"shipping-taxable","12":"purchasable","13":"product-type-variable"},"yoast_head":"<!-- This site is optimized with the Yoast SEO plugin v26.8 - https:\/\/yoast.com\/product\/yoast-seo-wordpress\/ -->\n<title>Crema di formaggio Aresu Stuzzicante<\/title>\n<meta name=\"description\" content=\"Scopri i prodotti caseari Aresu, creme di formaggio, pecorini D.O.P. e il Pecorino Erborinato, porta il gusto a tavola.\" \/>\n<meta name=\"robots\" content=\"index, follow, max-snippet:-1, max-image-preview:large, max-video-preview:-1\" \/>\n<link rel=\"canonical\" href=\"https:\/\/www.formaggiaresu.com\/formaggi\/crema-di-formaggio-stuzzicante-classico\/\" \/>\n<meta property=\"og:locale\" content=\"de_DE\" \/>\n<meta property=\"og:type\" content=\"article\" \/>\n<meta property=\"og:title\" content=\"Crema di formaggio Aresu Stuzzicante\" \/>\n<meta property=\"og:description\" content=\"Scopri i prodotti caseari Aresu, creme di formaggio, pecorini D.O.P. e il Pecorino Erborinato, porta il gusto a tavola.\" \/>\n<meta property=\"og:url\" content=\"https:\/\/www.formaggiaresu.com\/formaggi\/crema-di-formaggio-stuzzicante-classico\/\" \/>\n<meta property=\"og:site_name\" content=\"Formaggi Aresu\" \/>\n<meta property=\"article:modified_time\" content=\"2017-04-28T07:42:23+00:00\" \/>\n<meta property=\"og:image\" content=\"https:\/\/www.formaggiaresu.com\/wp-content\/uploads\/2016\/06\/stuzzicante-classico-2-scaled.jpg\" \/>\n\t<meta property=\"og:image:width\" content=\"2560\" \/>\n\t<meta property=\"og:image:height\" content=\"1696\" \/>\n\t<meta property=\"og:image:type\" content=\"image\/jpeg\" \/>\n<meta name=\"twitter:card\" content=\"summary_large_image\" \/>\n<script type=\"application\/ld+json\" class=\"yoast-schema-graph\">{\"@context\":\"https:\/\/schema.org\",\"@graph\":[{\"@type\":\"WebPage\",\"@id\":\"https:\/\/www.formaggiaresu.com\/formaggi\/crema-di-formaggio-stuzzicante-classico\/\",\"url\":\"https:\/\/www.formaggiaresu.com\/formaggi\/crema-di-formaggio-stuzzicante-classico\/\",\"name\":\"Crema di formaggio Aresu Stuzzicante\",\"isPartOf\":{\"@id\":\"https:\/\/www.formaggiaresu.com\/#website\"},\"primaryImageOfPage\":{\"@id\":\"https:\/\/www.formaggiaresu.com\/formaggi\/crema-di-formaggio-stuzzicante-classico\/#primaryimage\"},\"image\":{\"@id\":\"https:\/\/www.formaggiaresu.com\/formaggi\/crema-di-formaggio-stuzzicante-classico\/#primaryimage\"},\"thumbnailUrl\":\"https:\/\/www.formaggiaresu.com\/wp-content\/uploads\/2016\/06\/stuzzicante-classico-2-scaled.jpg\",\"datePublished\":\"2016-06-16T14:38:04+00:00\",\"dateModified\":\"2017-04-28T07:42:23+00:00\",\"description\":\"Scopri i prodotti caseari Aresu, creme di formaggio, pecorini D.O.P. e il Pecorino Erborinato, porta il gusto a tavola.\",\"breadcrumb\":{\"@id\":\"https:\/\/www.formaggiaresu.com\/formaggi\/crema-di-formaggio-stuzzicante-classico\/#breadcrumb\"},\"inLanguage\":\"de\",\"potentialAction\":[{\"@type\":\"ReadAction\",\"target\":[\"https:\/\/www.formaggiaresu.com\/formaggi\/crema-di-formaggio-stuzzicante-classico\/\"]}]},{\"@type\":\"ImageObject\",\"inLanguage\":\"de\",\"@id\":\"https:\/\/www.formaggiaresu.com\/formaggi\/crema-di-formaggio-stuzzicante-classico\/#primaryimage\",\"url\":\"https:\/\/www.formaggiaresu.com\/wp-content\/uploads\/2016\/06\/stuzzicante-classico-2-scaled.jpg\",\"contentUrl\":\"https:\/\/www.formaggiaresu.com\/wp-content\/uploads\/2016\/06\/stuzzicante-classico-2-scaled.jpg\",\"width\":2560,\"height\":1696},{\"@type\":\"BreadcrumbList\",\"@id\":\"https:\/\/www.formaggiaresu.com\/formaggi\/crema-di-formaggio-stuzzicante-classico\/#breadcrumb\",\"itemListElement\":[{\"@type\":\"ListItem\",\"position\":1,\"name\":\"Home\",\"item\":\"https:\/\/www.formaggiaresu.com\/\"},{\"@type\":\"ListItem\",\"position\":2,\"name\":\"Products\",\"item\":\"https:\/\/www.formaggiaresu.com\/shop\/\"},{\"@type\":\"ListItem\",\"position\":3,\"name\":\"Stuzzicante \u00ae\"}]},{\"@type\":\"WebSite\",\"@id\":\"https:\/\/www.formaggiaresu.com\/#website\",\"url\":\"https:\/\/www.formaggiaresu.com\/\",\"name\":\"Formaggi Aresu\",\"description\":\"\",\"potentialAction\":[{\"@type\":\"SearchAction\",\"target\":{\"@type\":\"EntryPoint\",\"urlTemplate\":\"https:\/\/www.formaggiaresu.com\/?s={search_term_string}\"},\"query-input\":{\"@type\":\"PropertyValueSpecification\",\"valueRequired\":true,\"valueName\":\"search_term_string\"}}],\"inLanguage\":\"de\"}]}<\/script>\n<!-- \/ Yoast SEO plugin. -->","yoast_head_json":{"title":"Crema di formaggio Aresu Stuzzicante","description":"Scopri i prodotti caseari Aresu, creme di formaggio, pecorini D.O.P. e il Pecorino Erborinato, porta il gusto a tavola.","robots":{"index":"index","follow":"follow","max-snippet":"max-snippet:-1","max-image-preview":"max-image-preview:large","max-video-preview":"max-video-preview:-1"},"canonical":"https:\/\/www.formaggiaresu.com\/formaggi\/crema-di-formaggio-stuzzicante-classico\/","og_locale":"de_DE","og_type":"article","og_title":"Crema di formaggio Aresu Stuzzicante","og_description":"Scopri i prodotti caseari Aresu, creme di formaggio, pecorini D.O.P. e il Pecorino Erborinato, porta il gusto a tavola.","og_url":"https:\/\/www.formaggiaresu.com\/formaggi\/crema-di-formaggio-stuzzicante-classico\/","og_site_name":"Formaggi Aresu","article_modified_time":"2017-04-28T07:42:23+00:00","og_image":[{"width":2560,"height":1696,"url":"https:\/\/www.formaggiaresu.com\/wp-content\/uploads\/2016\/06\/stuzzicante-classico-2-scaled.jpg","type":"image\/jpeg"}],"twitter_card":"summary_large_image","schema":{"@context":"https:\/\/schema.org","@graph":[{"@type":"WebPage","@id":"https:\/\/www.formaggiaresu.com\/formaggi\/crema-di-formaggio-stuzzicante-classico\/","url":"https:\/\/www.formaggiaresu.com\/formaggi\/crema-di-formaggio-stuzzicante-classico\/","name":"Crema di formaggio Aresu Stuzzicante","isPartOf":{"@id":"https:\/\/www.formaggiaresu.com\/#website"},"primaryImageOfPage":{"@id":"https:\/\/www.formaggiaresu.com\/formaggi\/crema-di-formaggio-stuzzicante-classico\/#primaryimage"},"image":{"@id":"https:\/\/www.formaggiaresu.com\/formaggi\/crema-di-formaggio-stuzzicante-classico\/#primaryimage"},"thumbnailUrl":"https:\/\/www.formaggiaresu.com\/wp-content\/uploads\/2016\/06\/stuzzicante-classico-2-scaled.jpg","datePublished":"2016-06-16T14:38:04+00:00","dateModified":"2017-04-28T07:42:23+00:00","description":"Scopri i prodotti caseari Aresu, creme di formaggio, pecorini D.O.P. e il Pecorino Erborinato, porta il gusto a tavola.","breadcrumb":{"@id":"https:\/\/www.formaggiaresu.com\/formaggi\/crema-di-formaggio-stuzzicante-classico\/#breadcrumb"},"inLanguage":"de","potentialAction":[{"@type":"ReadAction","target":["https:\/\/www.formaggiaresu.com\/formaggi\/crema-di-formaggio-stuzzicante-classico\/"]}]},{"@type":"ImageObject","inLanguage":"de","@id":"https:\/\/www.formaggiaresu.com\/formaggi\/crema-di-formaggio-stuzzicante-classico\/#primaryimage","url":"https:\/\/www.formaggiaresu.com\/wp-content\/uploads\/2016\/06\/stuzzicante-classico-2-scaled.jpg","contentUrl":"https:\/\/www.formaggiaresu.com\/wp-content\/uploads\/2016\/06\/stuzzicante-classico-2-scaled.jpg","width":2560,"height":1696},{"@type":"BreadcrumbList","@id":"https:\/\/www.formaggiaresu.com\/formaggi\/crema-di-formaggio-stuzzicante-classico\/#breadcrumb","itemListElement":[{"@type":"ListItem","position":1,"name":"Home","item":"https:\/\/www.formaggiaresu.com\/"},{"@type":"ListItem","position":2,"name":"Products","item":"https:\/\/www.formaggiaresu.com\/shop\/"},{"@type":"ListItem","position":3,"name":"Stuzzicante \u00ae"}]},{"@type":"WebSite","@id":"https:\/\/www.formaggiaresu.com\/#website","url":"https:\/\/www.formaggiaresu.com\/","name":"Formaggi Aresu","description":"","potentialAction":[{"@type":"SearchAction","target":{"@type":"EntryPoint","urlTemplate":"https:\/\/www.formaggiaresu.com\/?s={search_term_string}"},"query-input":{"@type":"PropertyValueSpecification","valueRequired":true,"valueName":"search_term_string"}}],"inLanguage":"de"}]}},"_links":{"self":[{"href":"https:\/\/www.formaggiaresu.com\/de\/wp-json\/wp\/v2\/product\/417","targetHints":{"allow":["GET"]}}],"collection":[{"href":"https:\/\/www.formaggiaresu.com\/de\/wp-json\/wp\/v2\/product"}],"about":[{"href":"https:\/\/www.formaggiaresu.com\/de\/wp-json\/wp\/v2\/types\/product"}],"wp:featuredmedia":[{"embeddable":true,"href":"https:\/\/www.formaggiaresu.com\/de\/wp-json\/wp\/v2\/media\/929"}],"wp:attachment":[{"href":"https:\/\/www.formaggiaresu.com\/de\/wp-json\/wp\/v2\/media?parent=417"}],"curies":[{"name":"wp","href":"https:\/\/api.w.org\/{rel}","templated":true}]}}