{"id":359,"date":"2016-06-16T14:56:00","date_gmt":"2016-06-16T12:56:00","guid":{"rendered":"http:\/\/aresu2016.jservice.com\/prodotto\/originale\/"},"modified":"2017-04-27T17:45:36","modified_gmt":"2017-04-27T15:45:36","slug":"formaggio-pecorino-fresco-originale","status":"publish","type":"product","link":"https:\/\/www.formaggiaresu.com\/de\/formaggi\/formaggio-pecorino-fresco-originale\/","title":{"rendered":"Originale \u00ae"},"content":{"rendered":"<p>Frischer Schafsk\u00e4se, 20-30 t\u00e4gige Reifung.<br \/>\nIn drei verschiedenen Formaten verf\u00fcgbar, je nach Anforderung. Nachgiebige Paste, ideal f\u00fcr Braten, um den Genuss zus\u00e4tzlich zu steigern.<\/p>","protected":false},"excerpt":{"rendered":"<p class=\"sottotitolo\">Frischer Schafsk\u00e4se<\/p>\n<p>Verf\u00fcgbare Formate:<br \/>\n[checklist icon=\"fa-angle-right\" iconcolor=\"#ffffff\" circle=\"yes\" circlecolor=\"#006258\" size=\"14px\" class=\"listapro\" id=\"\"][li_item icon=\"\"]1\/8 &#8211; 400gr: 3,50\u20ac[\/li_item][li_item icon=\"\"]Form DM 10 &#8211; 700gr: 6,00\u20ac[\/li_item][li_item icon=\"\"]Form DM 16 &#8211; 1,2kg: 10,00\u20ac[\/li_item][li_item icon=\"\"]Form DM 22 &#8211; 3,4kg: 28,00\u20ac[\/li_item][\/checklist]<\/p>\n","protected":false},"featured_media":922,"template":"","meta":[],"class_list":{"0":"post-359","1":"product","2":"type-product","3":"status-publish","4":"has-post-thumbnail","6":"product_cat-pecorino","8":"first","9":"instock","10":"taxable","11":"shipping-taxable","12":"purchasable","13":"product-type-variable"},"yoast_head":"<!-- This site is optimized with the Yoast SEO plugin v26.8 - https:\/\/yoast.com\/product\/yoast-seo-wordpress\/ -->\n<title>Formaggio Aresu Originale Pecorino fresco<\/title>\n<meta name=\"description\" content=\"Scopri il Pecorino Fresco Aresu maturazione 20-30 giorni, pasta elastica, ideale da arrosto, per esaltarne le caratteristiche organolettiche.\" \/>\n<meta name=\"robots\" content=\"index, follow, max-snippet:-1, max-image-preview:large, max-video-preview:-1\" \/>\n<link rel=\"canonical\" href=\"https:\/\/www.formaggiaresu.com\/formaggi\/formaggio-pecorino-fresco-originale\/\" \/>\n<meta property=\"og:locale\" content=\"de_DE\" \/>\n<meta property=\"og:type\" content=\"article\" \/>\n<meta property=\"og:title\" content=\"Formaggio Aresu Originale Pecorino fresco\" \/>\n<meta property=\"og:description\" content=\"Scopri il Pecorino Fresco Aresu maturazione 20-30 giorni, pasta elastica, ideale da arrosto, per esaltarne le caratteristiche organolettiche.\" \/>\n<meta property=\"og:url\" content=\"https:\/\/www.formaggiaresu.com\/formaggi\/formaggio-pecorino-fresco-originale\/\" \/>\n<meta property=\"og:site_name\" content=\"Formaggi Aresu\" \/>\n<meta property=\"article:modified_time\" content=\"2017-04-27T15:45:36+00:00\" \/>\n<meta property=\"og:image\" content=\"https:\/\/www.formaggiaresu.com\/wp-content\/uploads\/2016\/06\/originale-3.5kg-scaled.jpg\" \/>\n\t<meta property=\"og:image:width\" content=\"2560\" \/>\n\t<meta property=\"og:image:height\" content=\"1696\" \/>\n\t<meta property=\"og:image:type\" content=\"image\/jpeg\" \/>\n<meta name=\"twitter:card\" content=\"summary_large_image\" \/>\n<script type=\"application\/ld+json\" class=\"yoast-schema-graph\">{\"@context\":\"https:\/\/schema.org\",\"@graph\":[{\"@type\":\"WebPage\",\"@id\":\"https:\/\/www.formaggiaresu.com\/formaggi\/formaggio-pecorino-fresco-originale\/\",\"url\":\"https:\/\/www.formaggiaresu.com\/formaggi\/formaggio-pecorino-fresco-originale\/\",\"name\":\"Formaggio Aresu Originale Pecorino fresco\",\"isPartOf\":{\"@id\":\"https:\/\/www.formaggiaresu.com\/#website\"},\"primaryImageOfPage\":{\"@id\":\"https:\/\/www.formaggiaresu.com\/formaggi\/formaggio-pecorino-fresco-originale\/#primaryimage\"},\"image\":{\"@id\":\"https:\/\/www.formaggiaresu.com\/formaggi\/formaggio-pecorino-fresco-originale\/#primaryimage\"},\"thumbnailUrl\":\"https:\/\/www.formaggiaresu.com\/wp-content\/uploads\/2016\/06\/originale-3.5kg-scaled.jpg\",\"datePublished\":\"2016-06-16T12:56:00+00:00\",\"dateModified\":\"2017-04-27T15:45:36+00:00\",\"description\":\"Scopri il Pecorino Fresco Aresu maturazione 20-30 giorni, pasta elastica, ideale da arrosto, per esaltarne le caratteristiche organolettiche.\",\"breadcrumb\":{\"@id\":\"https:\/\/www.formaggiaresu.com\/formaggi\/formaggio-pecorino-fresco-originale\/#breadcrumb\"},\"inLanguage\":\"de\",\"potentialAction\":[{\"@type\":\"ReadAction\",\"target\":[\"https:\/\/www.formaggiaresu.com\/formaggi\/formaggio-pecorino-fresco-originale\/\"]}]},{\"@type\":\"ImageObject\",\"inLanguage\":\"de\",\"@id\":\"https:\/\/www.formaggiaresu.com\/formaggi\/formaggio-pecorino-fresco-originale\/#primaryimage\",\"url\":\"https:\/\/www.formaggiaresu.com\/wp-content\/uploads\/2016\/06\/originale-3.5kg-scaled.jpg\",\"contentUrl\":\"https:\/\/www.formaggiaresu.com\/wp-content\/uploads\/2016\/06\/originale-3.5kg-scaled.jpg\",\"width\":2560,\"height\":1696},{\"@type\":\"BreadcrumbList\",\"@id\":\"https:\/\/www.formaggiaresu.com\/formaggi\/formaggio-pecorino-fresco-originale\/#breadcrumb\",\"itemListElement\":[{\"@type\":\"ListItem\",\"position\":1,\"name\":\"Home\",\"item\":\"https:\/\/www.formaggiaresu.com\/\"},{\"@type\":\"ListItem\",\"position\":2,\"name\":\"Products\",\"item\":\"https:\/\/www.formaggiaresu.com\/shop\/\"},{\"@type\":\"ListItem\",\"position\":3,\"name\":\"Originale \u00ae\"}]},{\"@type\":\"WebSite\",\"@id\":\"https:\/\/www.formaggiaresu.com\/#website\",\"url\":\"https:\/\/www.formaggiaresu.com\/\",\"name\":\"Formaggi Aresu\",\"description\":\"\",\"potentialAction\":[{\"@type\":\"SearchAction\",\"target\":{\"@type\":\"EntryPoint\",\"urlTemplate\":\"https:\/\/www.formaggiaresu.com\/?s={search_term_string}\"},\"query-input\":{\"@type\":\"PropertyValueSpecification\",\"valueRequired\":true,\"valueName\":\"search_term_string\"}}],\"inLanguage\":\"de\"}]}<\/script>\n<!-- \/ Yoast SEO plugin. -->","yoast_head_json":{"title":"Formaggio Aresu Originale Pecorino fresco","description":"Scopri il Pecorino Fresco Aresu maturazione 20-30 giorni, pasta elastica, ideale da arrosto, per esaltarne le caratteristiche organolettiche.","robots":{"index":"index","follow":"follow","max-snippet":"max-snippet:-1","max-image-preview":"max-image-preview:large","max-video-preview":"max-video-preview:-1"},"canonical":"https:\/\/www.formaggiaresu.com\/formaggi\/formaggio-pecorino-fresco-originale\/","og_locale":"de_DE","og_type":"article","og_title":"Formaggio Aresu Originale Pecorino fresco","og_description":"Scopri il Pecorino Fresco Aresu maturazione 20-30 giorni, pasta elastica, ideale da arrosto, per esaltarne le caratteristiche organolettiche.","og_url":"https:\/\/www.formaggiaresu.com\/formaggi\/formaggio-pecorino-fresco-originale\/","og_site_name":"Formaggi Aresu","article_modified_time":"2017-04-27T15:45:36+00:00","og_image":[{"width":2560,"height":1696,"url":"https:\/\/www.formaggiaresu.com\/wp-content\/uploads\/2016\/06\/originale-3.5kg-scaled.jpg","type":"image\/jpeg"}],"twitter_card":"summary_large_image","schema":{"@context":"https:\/\/schema.org","@graph":[{"@type":"WebPage","@id":"https:\/\/www.formaggiaresu.com\/formaggi\/formaggio-pecorino-fresco-originale\/","url":"https:\/\/www.formaggiaresu.com\/formaggi\/formaggio-pecorino-fresco-originale\/","name":"Formaggio Aresu Originale Pecorino fresco","isPartOf":{"@id":"https:\/\/www.formaggiaresu.com\/#website"},"primaryImageOfPage":{"@id":"https:\/\/www.formaggiaresu.com\/formaggi\/formaggio-pecorino-fresco-originale\/#primaryimage"},"image":{"@id":"https:\/\/www.formaggiaresu.com\/formaggi\/formaggio-pecorino-fresco-originale\/#primaryimage"},"thumbnailUrl":"https:\/\/www.formaggiaresu.com\/wp-content\/uploads\/2016\/06\/originale-3.5kg-scaled.jpg","datePublished":"2016-06-16T12:56:00+00:00","dateModified":"2017-04-27T15:45:36+00:00","description":"Scopri il Pecorino Fresco Aresu maturazione 20-30 giorni, pasta elastica, ideale da arrosto, per esaltarne le caratteristiche organolettiche.","breadcrumb":{"@id":"https:\/\/www.formaggiaresu.com\/formaggi\/formaggio-pecorino-fresco-originale\/#breadcrumb"},"inLanguage":"de","potentialAction":[{"@type":"ReadAction","target":["https:\/\/www.formaggiaresu.com\/formaggi\/formaggio-pecorino-fresco-originale\/"]}]},{"@type":"ImageObject","inLanguage":"de","@id":"https:\/\/www.formaggiaresu.com\/formaggi\/formaggio-pecorino-fresco-originale\/#primaryimage","url":"https:\/\/www.formaggiaresu.com\/wp-content\/uploads\/2016\/06\/originale-3.5kg-scaled.jpg","contentUrl":"https:\/\/www.formaggiaresu.com\/wp-content\/uploads\/2016\/06\/originale-3.5kg-scaled.jpg","width":2560,"height":1696},{"@type":"BreadcrumbList","@id":"https:\/\/www.formaggiaresu.com\/formaggi\/formaggio-pecorino-fresco-originale\/#breadcrumb","itemListElement":[{"@type":"ListItem","position":1,"name":"Home","item":"https:\/\/www.formaggiaresu.com\/"},{"@type":"ListItem","position":2,"name":"Products","item":"https:\/\/www.formaggiaresu.com\/shop\/"},{"@type":"ListItem","position":3,"name":"Originale \u00ae"}]},{"@type":"WebSite","@id":"https:\/\/www.formaggiaresu.com\/#website","url":"https:\/\/www.formaggiaresu.com\/","name":"Formaggi Aresu","description":"","potentialAction":[{"@type":"SearchAction","target":{"@type":"EntryPoint","urlTemplate":"https:\/\/www.formaggiaresu.com\/?s={search_term_string}"},"query-input":{"@type":"PropertyValueSpecification","valueRequired":true,"valueName":"search_term_string"}}],"inLanguage":"de"}]}},"_links":{"self":[{"href":"https:\/\/www.formaggiaresu.com\/de\/wp-json\/wp\/v2\/product\/359","targetHints":{"allow":["GET"]}}],"collection":[{"href":"https:\/\/www.formaggiaresu.com\/de\/wp-json\/wp\/v2\/product"}],"about":[{"href":"https:\/\/www.formaggiaresu.com\/de\/wp-json\/wp\/v2\/types\/product"}],"wp:featuredmedia":[{"embeddable":true,"href":"https:\/\/www.formaggiaresu.com\/de\/wp-json\/wp\/v2\/media\/922"}],"wp:attachment":[{"href":"https:\/\/www.formaggiaresu.com\/de\/wp-json\/wp\/v2\/media?parent=359"}],"curies":[{"name":"wp","href":"https:\/\/api.w.org\/{rel}","templated":true}]}}