{"id":797,"date":"2016-09-27T11:09:10","date_gmt":"2016-09-27T09:09:10","guid":{"rendered":"http:\/\/aresu2016.jservice.com\/?page_id=797"},"modified":"2018-06-22T11:41:29","modified_gmt":"2018-06-22T09:41:29","slug":"condizioni-di-vendita","status":"publish","type":"page","link":"https:\/\/www.formaggiaresu.com\/de\/condizioni-di-vendita\/","title":{"rendered":"Verkaufsbestimmungen"},"content":{"rendered":"<p><div class=\"fusion-fullwidth fullwidth-box fusion-fullwidth-3  fusion-parallax-none nonhundred-percent-fullwidth condizioni_vendita\" style=\"border-color:#eae9e9;border-bottom-width: 0px;border-top-width: 0px;border-bottom-style: solid;border-top-style: solid;padding-bottom:20px;padding-top:20px;padding-left:;padding-right:;background-color:rgba(255,255,255,0);\"><style type=\"text\/css\" scoped=\"scoped\">.fusion-fullwidth-3 {\n                            padding-left: px !important;\n                            padding-right: px !important;\n                        }<\/style><div class=\"fusion-row\"><div class=\"fusion-one-full fusion-layout-column fusion-column-last fusion-spacing-yes\" style=\"margin-top:0px;margin-bottom:20px;\"><div class=\"fusion-column-wrapper\"><h2>1. Gegenstand des online Vertrags und seine Definiton<\/h2>\n<p>Unter einem \u201eOnline\u201c-Kaufvertrag versteht man einen Fernabsatzvertrag, bzw. ein Rechtsgesch\u00e4ft, das sich auf bewegliche G\u00fcter und\/oder Dienstleistungen bezieht, und zwischen FORMAGGI ARESU SRL ARTIGIANA, im Folgenden als \u201eLieferant\u201c bezeichnet, mit Gesellschaftssitz in Donori 09040 (Cagliari) Italien in via Vittorio Emanuele 43, und einem Konsumenten, im Folgenden als \u201eKunde\u201c bezeichnet, im Bereich eines vom Lieferanten organisierten Fernabsatzsystems abgeschlossen wird, der f\u00fcr diesen Vertrag ausschlie\u00dflich die Fernkommunikationstechnologien unter der Bezeichnung \u201eInternet\u201c verwendet. Alle Vertr\u00e4ge werden also direkt \u00fcber den Zugang von Seiten des Kunden zur Internetseite mit der Adresse www.formaggiaresu.com abgeschlossen, wo unter Befolgung der angegebenen Vorgangsweisen der Kaufvertrag f\u00fcr die Ware abgeschlossen wird. Mit Verbraucher ist jede nat\u00fcrliche Person gemeint, die nicht aus gewerblichen, gesch\u00e4ftlichen, handwerklichen oder beruflichen Zwecke handelt. Nachfolgend werden die Verkaufsbedingungen angegeben, die in Kraft bleiben, solange sie nicht vom Lieferanten ge\u00e4ndert werden. Eventuelle \u00c4nderungen an den Verkaufsbedingungen treten ab dem Moment in Kraft, in dem sie auf der Internetseite www.formaggiaresu.com ver\u00f6ffentlicht werden, und gelten f\u00fcr nach diesem Zeitpunkt get\u00e4tigte Verk\u00e4ufe.<\/p>\n<h2>2. Verkaufspreis und Erwerbsm\u00f6glichkeit<\/h2>\n<p>Das Gewicht der angegebenen Produkte, bezieht sich auf ein garantiertes Mindestgewicht, d.h. es werden keine St\u00fccke \\ Formen \\ Konfektionen eingestellt, die ein geringeres Gewicht haben, als das in der Liste der Internetseite https:\/\/www.formaggiaresu.com eingegeben ist.<br \/>\nAlle Verkaufspreise der Waren und \/ oder der angezeigten und auf der Internetseite www.formaggiaresu.com angegeben Dienstleistungen, f\u00fcr die ein Angebot f\u00fcr die \u00d6ffentlichkeit im Sinne von Art. 1336 c.c. vorliegt, beinhalten die Mehrwertsteuer (4%) und alle sonstigen Steuern (sofern nicht anders angegeben). Alle Produktpreise sind nur auf italienischem Gebiet g\u00fcltig. Dort wo Transportkosten vorgesehen sind, werden diese ordnungsgem\u00e4\u00df auf der Seite innerhalb der Webseite hervorgehoben, so dass sie f\u00fcr den Kunden noch vor der Zustimmung zu dem Kauf ersichtlich sind. Der Kaufvertrag wird durch das genaue Ausf\u00fcllen und der Zustimmung zum Kauf geschlossen, mittels der \u201eOnline\u201c Zustimmung. Der Kunde kann die bestellte Ware nur mit den Online-Zahlungsmethoden bezahlen, die bei dem Kauf angegeben werden.<\/p>\n<h2>3. Durchf\u00fchrung des Vertrages und Versandmethoden:<\/h2>\n<p>Der Auftragseingang wird innerhalb von zwei Werktagen bearbeitet, sofern mit Kreditkarte bezahlt wurde. Die Bearbeitungszeiten sind zwangsl\u00e4ufig l\u00e4nger, bis zu 2\/3 Arbeitstagen, und h\u00e4ngen von der Zeit ab, die von der Bank ben\u00f6tigt wird, falls als Zahlungsmethode die Bank\u00fcberweisung gew\u00e4hlt wurde. Die Lieferung, die per eigener Verteilungsnetze durchgef\u00fchrt werden kann, per Kurier oder per Post, wird in 3-5 Werktagen durchgef\u00fchrt (6-7 Werktage nach Sizilien und den kleineren Inseln), und wird, so wie es das Produkt erfordert, gek\u00fchlt versandt. Die Lieferzeit, die in keinen Fall Artikel 6 Rechtsverordnung 185\/99 (30 Tage ab Bestelltag) \u00fcberschreiten wird, kann je nach der gew\u00e4hlten Versandart variieren. Im Falle der Abwesenheit des Kunden zum Zeitpunkt der Lieferung wird eine Benachrichtigung hinterlassen, woraufhin der Kunde pers\u00f6nlich schnellstm\u00f6glich den Lieferanten oder Spediteur kontaktieren muss und sich \u00fcber die folgende Lieferung einigen muss, wissend dass alle zus\u00e4tzlichen Kosten vom Kunden selbst getragen werden. In diesem Fall tr\u00e4gt jedoch der Lieferant keinerlei Verantwortung, sollte es zu einer Produktverschlechterung trotz K\u00fchlung kommen, da diese auf einen Fehler des Kunden zur\u00fcckzuf\u00fchren ist und dessen Kontaktaufnahme mit dem Kurrier, um die Ware rechtzeitig zu erhalten.<\/p>\n<p><strong>Suspension Sommerexpeditionen .<\/strong><\/p>\n<p>Aus betrieblichen Gr\u00fcnden und die h\u00f6chste Qualit\u00e4t unserer Produkte aufgrund der hohen Sommertemperaturen zu gew\u00e4hrleisten, wird der Speicher vom 1. Juli &#8211; 31. August ausgesetzt. Alle in dieser Zeit aufgegebenen Bestellungen werden ab dem 1. September bearbeitet werden.<\/p>\n<h2>4. Verf\u00fcgbarkeit der Produkte<\/h2>\n<p>Der Kunde kann die Produkte auf der Website www.formaggiaresu.com in den vorr\u00e4tigen Mengen kaufen. Falls ein Auftrag die im Lager vorhandene Menge \u00fcberschreitet, wird das IT-System den Einkauf auf die verf\u00fcgbaren Produkte beschr\u00e4nken.<\/p>\n<h2>5. Haftung<\/h2>\n<p>Der Lieferant \u00fcbernimmt f\u00fcr mangelnde Vertragsleistungen, die auf h\u00f6here Gewalt, wie zum Beispiel, Unf\u00e4lle, Explosionen, Br\u00e4nde, Streiks und\/oder Aussperrungen, Erdbeben, \u00dcberschwemmungen und andere \u00e4hnliche Ereignisse zur\u00fcckzuf\u00fchren sind, die auch nur die teilweise Durchf\u00fchrung des Vertrages in der vereinbarten Zeit verhindern, keine Haftung. Der Lieferant haftet weder dem Kunden noch Dritten gegen\u00fcber f\u00fcr Sch\u00e4den, Verluste oder Kosten, die durch die, angesichts der vorstehenden Ursachen, mangelnde Vertragsdurchf\u00fchrung entstanden sind.<br \/>\nDer Lieferant haftet nicht f\u00fcr die im Zeitpunkt der Bezahlung der eingekauften Produkte eventuell auftretende betr\u00fcgerische und rechtswidrige Verwendung von Kreditkarten oder anderer Zahlungsmittel durch Dritte. Dem Lieferanten ist es zu keinem Punkt des Einkaufs m\u00f6glich, in die Kreditkartendaten des Kunden Einsicht zu nehmen, der diese direkt dem Bankinstitut, das f\u00fcr diesen Service verantworktlich ist, mittels einer sicheren Verbindung, \u00fcbertr\u00e4gt.<\/p>\n<h2>6. Pflichten des K\u00e4ufers<\/h2>\n<p>Nach Abschluss des online Bestellvorgangs muss der K\u00e4ufer diese allgemeinen Gesch\u00e4ftsbedingungen, die er in einem obligatorischen Schritt bei der Bestellung bereits eingesehen und akzeptiert hat, sowie die Produktspezifikationen des bestellten Produktes ausdrucken und aufbewahren, um die in den Artikeln 3 und 4 des Legislativdekrets Nr. 185\/1999 genannte Bedingung vollumf\u00e4nglich zu erf\u00fcllen. Es ist dem K\u00e4ufer strikt untersagt bei der Online-Registrierung, die f\u00fcr die Durchf\u00fchrung des vorliegenden Kaufvertrags und die daf\u00fcr notwendige Kommunikation dienen, falsche und\/oder erfundene und\/oder Phantasiedaten einzugeben; bei den Personalien und der E-Mail-Adresse d\u00fcrfen nur die eigenen echten Daten und nicht die von Dritten oder erfundener Personen angegeben werden.\u00a0Es ist ausdr\u00fccklich verboten doppelte Registrationen durchzuf\u00fchren, die nur einer Person zuzuordnen sind, oder Daten von Dritten einzugeben. Der Lieferant beh\u00e4lt sich das Recht ein, jede Art von Verletzung oder von Missbrauch, f\u00fcr das Interesse sowie den Schutz aller Verbraucher, gerichtlich zu verfolgen.<\/p>\n<h2>7. Wiederrufs- und Reklamationsrecht<\/h2>\n<p>Der Kunde, der aus irgendeinem Grund nicht mit dem Kauf zufrieden sein sollte, hat das Recht, den Vertrag innerhalb von 10 Tagen nach Warenerhalt, zu beenden, ohne dass eine Strafe jeglicher Art folgt und ohne dass Gr\u00fcnde angegeben werden m\u00fcssen. Der Widerruf muss innerhalb der genannten Frist von 10 Tagen erfolgen und per Einschreiben mit Empfangsbest\u00e4tigung, an die folgenden Adresse gesendet werden: FORMAGGI ARESU SRL ARTIGIANA, Via Vittorio Emanuele 43, 09040 Donori ( Cagliari ) Italien. Im selben Zeitraum kann ein Fax gesendet werden an die Nummer 070\/98 17 121 oder eine E-Mail an info@formaggiaresu.com, welcher innerhalb von 48 Stunden das oben erw\u00e4hnte Einschreiben mit Empfangsbest\u00e4tigung, um den Wiederruf anzuerkennen, folgen muss. Der Kunde kann von diesem R\u00fccktrittsrecht nicht Gebrauch machen wenn es sich um Produkte handelt, die in einer speziell gew\u00fcnschten Gr\u00f6\u00dfe angefertigt wurden oder die eindeutig personalisiert wurden oder die aufgrund ihrer Beschaffenheit nicht zur\u00fcckgegeben werden k\u00f6nnen, da sie verderblich sind oder verfallen k\u00f6nnen, nach Art. 55 Absatz 2 Buchstabe. &#8222;C&#8220; Gesetzesverordnung 206\/05. Innerhalb der vorgeschriebenen Frist von 10 Tagen m\u00fcssen dem Lieferanten alle gekauften Waren zur\u00fcckgeschickt werden, intakt und in der Originalverpackung und ohne jegliche M\u00e4ngel.<br \/>\nDie Geb\u00fchren des R\u00fcckversands werden vom Kunden getragen. Nach Eingang des Antrags wird der Lieferant den gesamten vom Kunden bezahlten Betrag, einschlie\u00dflich der Versandkosten der Waren vom Lieferanten zu dem Kunden, innerhalb einer Frist von drei\u00dfig Tagen zur\u00fcckerstatten. Es liegt in der Verantwortung des Kunden, unverz\u00fcglich und zur selben Zeit der Stellung des Wiederrufsantrags, die Bankdaten f\u00fcr die \u00dcberweisung zur Verf\u00fcgung zu stellen.<\/p>\n<h2>8. Ausdr\u00fcckliche Aufhebungsklausel<\/h2>\n<p>Die Einhaltung des vorausgehenden Artikels 6 (Pflichten des K\u00e4ufers) ist fundamental f\u00fcr diesen Vertrag, genauso wie die Garantie einer erfolgreichen Zahlungsabwicklung, die der Kunde, mit den in Artikel 2 genannten Methoden, t\u00e4tigen kann. Die ausdr\u00fcckliche Vereinbarung zwischen den Parteien, wird im Fall des Zahlungsverzuges des Kunden zu der Beendigung des Vertrags nach Artikel 1456 f\u00fchren, ohne dass dabei eine gerichtliche Entscheidung n\u00f6tig ist, wobei der Lieferant sich das Recht einbeh\u00e4lt auf Schadensersatz zu klagen.<br \/>\nIn diesem Fall hat der Kunde nur Anspruch auf die R\u00fcckerstattung der bereits get\u00e4tigten Anzahlung.<\/p>\n<h2>9. Gerichtsbarkeit<\/h2>\n<p>Alle Streitigkeiten \u00fcber die Anwendung, Durchf\u00fchrung, Interpretation und Verletzung der Kaufvertr\u00e4ge, die \u201eonline\u201c \u00fcber die Website www.formaggiaresu.com get\u00e4tigt wurden, unterliegen der italienischen Gerichtsbarkeit; Diese allgemeinen Bedingungen sind auf das Legislativdekret mit der Nummer 50 vom 15.1.1992 und dem Legistaivdekret Nummer 185 vom 22.5.1999 zur\u00fcckzuf\u00fchren. F\u00fcr alle Streitigkeiten zwischen den Parteien dieses Vertrags, wird das Gericht des Wohnsitzes oder ein von dem Kunden ausgew\u00e4hltes Gericht seiner Wahl zust\u00e4ndig sein, solange es sich im Staatsgebiet befindet (Artikel 63 Gesetzesverordnung 206\/05). In allen anderen F\u00e4llen wird ist das Gericht von Cagliari (Ca) zust\u00e4ndig sein.<\/p>\n<div class=\"fusion-clearfix\"><\/div><\/div><\/div><div class=\"fusion-clearfix\"><\/div><\/div><\/div><\/p>","protected":false},"excerpt":{"rendered":"","protected":false},"author":1,"featured_media":0,"parent":0,"menu_order":0,"comment_status":"closed","ping_status":"closed","template":"","meta":{"footnotes":""},"class_list":["post-797","page","type-page","status-publish","hentry"],"yoast_head":"<!-- This site is optimized with the Yoast SEO plugin v26.8 - https:\/\/yoast.com\/product\/yoast-seo-wordpress\/ -->\n<title>Verkaufsbestimmungen - Formaggi Aresu<\/title>\n<meta name=\"robots\" content=\"index, follow, max-snippet:-1, max-image-preview:large, max-video-preview:-1\" \/>\n<link rel=\"canonical\" href=\"https:\/\/www.formaggiaresu.com\/de\/condizioni-di-vendita\/\" \/>\n<meta property=\"og:locale\" content=\"de_DE\" \/>\n<meta property=\"og:type\" content=\"article\" \/>\n<meta property=\"og:title\" content=\"Verkaufsbestimmungen - Formaggi Aresu\" \/>\n<meta property=\"og:url\" content=\"https:\/\/www.formaggiaresu.com\/de\/condizioni-di-vendita\/\" \/>\n<meta property=\"og:site_name\" content=\"Formaggi Aresu\" \/>\n<meta property=\"article:modified_time\" content=\"2018-06-22T09:41:29+00:00\" \/>\n<meta name=\"twitter:card\" content=\"summary_large_image\" \/>\n<meta name=\"twitter:label1\" content=\"Gesch\u00e4tzte Lesezeit\" \/>\n\t<meta name=\"twitter:data1\" content=\"23\u00a0Minuten\" \/>\n<script type=\"application\/ld+json\" class=\"yoast-schema-graph\">{\"@context\":\"https:\/\/schema.org\",\"@graph\":[{\"@type\":\"WebPage\",\"@id\":\"https:\/\/www.formaggiaresu.com\/de\/condizioni-di-vendita\/\",\"url\":\"https:\/\/www.formaggiaresu.com\/de\/condizioni-di-vendita\/\",\"name\":\"Verkaufsbestimmungen - Formaggi Aresu\",\"isPartOf\":{\"@id\":\"https:\/\/www.formaggiaresu.com\/#website\"},\"datePublished\":\"2016-09-27T09:09:10+00:00\",\"dateModified\":\"2018-06-22T09:41:29+00:00\",\"breadcrumb\":{\"@id\":\"https:\/\/www.formaggiaresu.com\/de\/condizioni-di-vendita\/#breadcrumb\"},\"inLanguage\":\"de\",\"potentialAction\":[{\"@type\":\"ReadAction\",\"target\":[\"https:\/\/www.formaggiaresu.com\/de\/condizioni-di-vendita\/\"]}]},{\"@type\":\"BreadcrumbList\",\"@id\":\"https:\/\/www.formaggiaresu.com\/de\/condizioni-di-vendita\/#breadcrumb\",\"itemListElement\":[{\"@type\":\"ListItem\",\"position\":1,\"name\":\"Home\",\"item\":\"https:\/\/www.formaggiaresu.com\/\"},{\"@type\":\"ListItem\",\"position\":2,\"name\":\"Verkaufsbestimmungen\"}]},{\"@type\":\"WebSite\",\"@id\":\"https:\/\/www.formaggiaresu.com\/#website\",\"url\":\"https:\/\/www.formaggiaresu.com\/\",\"name\":\"Formaggi Aresu\",\"description\":\"\",\"potentialAction\":[{\"@type\":\"SearchAction\",\"target\":{\"@type\":\"EntryPoint\",\"urlTemplate\":\"https:\/\/www.formaggiaresu.com\/?s={search_term_string}\"},\"query-input\":{\"@type\":\"PropertyValueSpecification\",\"valueRequired\":true,\"valueName\":\"search_term_string\"}}],\"inLanguage\":\"de\"}]}<\/script>\n<!-- \/ Yoast SEO plugin. -->","yoast_head_json":{"title":"Verkaufsbestimmungen - Formaggi Aresu","robots":{"index":"index","follow":"follow","max-snippet":"max-snippet:-1","max-image-preview":"max-image-preview:large","max-video-preview":"max-video-preview:-1"},"canonical":"https:\/\/www.formaggiaresu.com\/de\/condizioni-di-vendita\/","og_locale":"de_DE","og_type":"article","og_title":"Verkaufsbestimmungen - Formaggi Aresu","og_url":"https:\/\/www.formaggiaresu.com\/de\/condizioni-di-vendita\/","og_site_name":"Formaggi Aresu","article_modified_time":"2018-06-22T09:41:29+00:00","twitter_card":"summary_large_image","twitter_misc":{"Gesch\u00e4tzte Lesezeit":"23\u00a0Minuten"},"schema":{"@context":"https:\/\/schema.org","@graph":[{"@type":"WebPage","@id":"https:\/\/www.formaggiaresu.com\/de\/condizioni-di-vendita\/","url":"https:\/\/www.formaggiaresu.com\/de\/condizioni-di-vendita\/","name":"Verkaufsbestimmungen - Formaggi Aresu","isPartOf":{"@id":"https:\/\/www.formaggiaresu.com\/#website"},"datePublished":"2016-09-27T09:09:10+00:00","dateModified":"2018-06-22T09:41:29+00:00","breadcrumb":{"@id":"https:\/\/www.formaggiaresu.com\/de\/condizioni-di-vendita\/#breadcrumb"},"inLanguage":"de","potentialAction":[{"@type":"ReadAction","target":["https:\/\/www.formaggiaresu.com\/de\/condizioni-di-vendita\/"]}]},{"@type":"BreadcrumbList","@id":"https:\/\/www.formaggiaresu.com\/de\/condizioni-di-vendita\/#breadcrumb","itemListElement":[{"@type":"ListItem","position":1,"name":"Home","item":"https:\/\/www.formaggiaresu.com\/"},{"@type":"ListItem","position":2,"name":"Verkaufsbestimmungen"}]},{"@type":"WebSite","@id":"https:\/\/www.formaggiaresu.com\/#website","url":"https:\/\/www.formaggiaresu.com\/","name":"Formaggi Aresu","description":"","potentialAction":[{"@type":"SearchAction","target":{"@type":"EntryPoint","urlTemplate":"https:\/\/www.formaggiaresu.com\/?s={search_term_string}"},"query-input":{"@type":"PropertyValueSpecification","valueRequired":true,"valueName":"search_term_string"}}],"inLanguage":"de"}]}},"_links":{"self":[{"href":"https:\/\/www.formaggiaresu.com\/de\/wp-json\/wp\/v2\/pages\/797","targetHints":{"allow":["GET"]}}],"collection":[{"href":"https:\/\/www.formaggiaresu.com\/de\/wp-json\/wp\/v2\/pages"}],"about":[{"href":"https:\/\/www.formaggiaresu.com\/de\/wp-json\/wp\/v2\/types\/page"}],"author":[{"embeddable":true,"href":"https:\/\/www.formaggiaresu.com\/de\/wp-json\/wp\/v2\/users\/1"}],"replies":[{"embeddable":true,"href":"https:\/\/www.formaggiaresu.com\/de\/wp-json\/wp\/v2\/comments?post=797"}],"version-history":[{"count":14,"href":"https:\/\/www.formaggiaresu.com\/de\/wp-json\/wp\/v2\/pages\/797\/revisions"}],"predecessor-version":[{"id":1772,"href":"https:\/\/www.formaggiaresu.com\/de\/wp-json\/wp\/v2\/pages\/797\/revisions\/1772"}],"wp:attachment":[{"href":"https:\/\/www.formaggiaresu.com\/de\/wp-json\/wp\/v2\/media?parent=797"}],"curies":[{"name":"wp","href":"https:\/\/api.w.org\/{rel}","templated":true}]}}