{"id":326,"date":"2016-06-15T14:53:35","date_gmt":"2016-06-15T12:53:35","guid":{"rendered":"http:\/\/aresu2016.jservice.com\/?page_id=326"},"modified":"2017-04-28T11:48:55","modified_gmt":"2017-04-28T09:48:55","slug":"visite-guidate","status":"publish","type":"page","link":"https:\/\/www.formaggiaresu.com\/de\/visite-guidate\/","title":{"rendered":"F\u00fchrungen"},"content":{"rendered":"<p><div class=\"fusion-fullwidth fullwidth-box fusion-fullwidth-7  fusion-parallax-none nonhundred-percent-fullwidth\" style=\"border-color:#eae9e9;border-bottom-width: 0px;border-top-width: 0px;border-bottom-style: solid;border-top-style: solid;padding-bottom:20px;padding-top:20px;padding-left:;padding-right:;background-color:rgba(255,255,255,0);\"><style type=\"text\/css\" scoped=\"scoped\">.fusion-fullwidth-7 {\n                            padding-left: px !important;\n                            padding-right: px !important;\n                        }<\/style><div class=\"fusion-row\"><div class=\"fusion-title title fusion-title-center fusion-title-size-two terrtit\" style=\"margin-top:20px;margin-bottom:20px;\"><div class=\"title-sep-container title-sep-container-left\"><div class=\"title-sep sep-single\"><\/div><\/div><h2 class=\"title-heading-center\"><span style=\"text-align: center; color: #dd8b3b; font-size: 23px;\">Komm und entdecke wie viel Arbeit,<br \/>\nProfessionalit\u00e4t und Leidenschaft<br \/>\nhinter jeder K\u00e4sesorte steckt.<br \/>\n<\/span><\/h2><div class=\"title-sep-container title-sep-container-right\"><div class=\"title-sep sep-single\"><\/div><\/div><\/div><\/div><\/div><div class=\"fusion-fullwidth fullwidth-box fusion-fullwidth-8  fusion-parallax-none nonhundred-percent-fullwidth\" style=\"border-color:#eae9e9;border-bottom-width: 0px;border-top-width: 0px;border-bottom-style: solid;border-top-style: solid;padding-bottom:20px;padding-top:20px;padding-left:;padding-right:;background-color:rgba(255,255,255,0);\"><style type=\"text\/css\" scoped=\"scoped\">.fusion-fullwidth-8 {\n                            padding-left: px !important;\n                            padding-right: px !important;\n                        }<\/style><div class=\"fusion-row\"><div class=\"fusion-one-half fusion-layout-column fusion-spacing-yes\" style=\"margin-top:0px;margin-bottom:20px;\"><div class=\"fusion-column-wrapper\"><p>Die F\u00fchrungen richten sich an Touristengruppen, Schulen, Neugierige und Liebhaber von lokalen Spezialit\u00e4ten und des Weins, die wissen wollen, wie K\u00e4se hergestellt wird.<\/p>\n<p>Ziel ist es, auf den Verzehr von traditionell sardischen K\u00e4sesorten aufmerksam zu machen und auf alle anderen Produkte unserer wunderbaren Region; Sardinien.<\/p>\n<p>In unserer modernen Einrichtung, in der 500.000 K\u00e4sest\u00fccke pro Jahr angefertigt werden, werdet ihr sehen wie viel Arbeit, Professionalit\u00e4t und Leidenschaft hinter jedem einzelnen K\u00e4se steckt.<\/p>\n<div class=\"fusion-clearfix\"><\/div><\/div><\/div><div class=\"fusion-one-half fusion-layout-column fusion-column-last fusion-spacing-yes\" style=\"margin-top:0px;margin-bottom:20px;\"><div class=\"fusion-column-wrapper\"><div class=\"fusion-slider-sc flexslider flexslider-hover-type-none\" style=\"max-width:100%;height:100%;\"><ul class=\"slides\"><li class=\"image\"><span class=\"hover-type-none\"><img decoding=\"async\" src=\"https:\/\/www.formaggiaresu.com\/wp-content\/uploads\/2016\/06\/1.png\" \/><\/span><\/li><li class=\"image\"><span class=\"hover-type-none\"><img decoding=\"async\" src=\"https:\/\/www.formaggiaresu.com\/wp-content\/uploads\/2016\/06\/2.jpg\" \/><\/span><\/li><li class=\"image\"><span class=\"hover-type-none\"><img decoding=\"async\" src=\"https:\/\/www.formaggiaresu.com\/wp-content\/uploads\/2016\/06\/3.jpg\" \/><\/span><\/li><li class=\"image\"><span class=\"hover-type-none\"><img decoding=\"async\" src=\"https:\/\/www.formaggiaresu.com\/wp-content\/uploads\/2016\/06\/4.jpg\" \/><\/span><\/li><li class=\"image\"><span class=\"hover-type-none\"><img decoding=\"async\" src=\"https:\/\/www.formaggiaresu.com\/wp-content\/uploads\/2016\/06\/5.jpg\" \/><\/span><\/li><\/ul><\/div><div class=\"fusion-clearfix\"><\/div><\/div><\/div><div class=\"fusion-clearfix\"><\/div><div class=\"fusion-one-full fusion-layout-column fusion-column-last fusion-spacing-yes\" style=\"margin-top:0px;margin-bottom:20px;\"><div class=\"fusion-column-wrapper\"><p>Die Besichtigung kann mit einer Verkostung von 4 verschiedenen K\u00e4sesorten von Aresu, zusammen mit saisonalen Produkten der Region (typisches Brot, Konfit\u00fcre &#038; Honig, frisches Gem\u00fcse, Obst der Saison, Wein, Bier aus lokaler Produktion, Lik\u00f6re etc.), abgeschlossen werden.<\/p>\n<p>All das spielt sich in der \u201eCasa Formaggi Aresu\u201c ab, einem Ort, an dem die Vergangenheit durch antike Instrumente wieder auflebt und wo man erkennt, dass der K\u00e4se nicht nur ein \u201eNahrungsmittel\u201c ist, sondern ein Fundament sardischer Kulturtradition.<\/p>\n<div class=\"fusion-clearfix\"><\/div><\/div><\/div><div class=\"fusion-clearfix\"><\/div><\/div><\/div><div class=\"fusion-fullwidth fullwidth-box fusion-fullwidth-9  fusion-parallax-none nonhundred-percent-fullwidth\" style=\"border-color:#eae9e9;border-bottom-width: 0px;border-top-width: 0px;border-bottom-style: solid;border-top-style: solid;padding-bottom:20px;padding-top:40px;padding-left:;padding-right:;background-color:rgba(255,255,255,0);\"><style type=\"text\/css\" scoped=\"scoped\">.fusion-fullwidth-9 {\n                            padding-left: px !important;\n                            padding-right: px !important;\n                        }<\/style><div class=\"fusion-row\"><p><strong>GRUPPEN VON 1 BIS 5 PERSONEN<\/strong><br \/>\nNUR 30 MIN\u00dcTIGE F\u00dcHRUNG: GRATIS<br \/>\nF\u00dcHRUNG + VERKOSTUNG: 10 EURO (inkl. MwSt., Kinder)<\/p>\n<p><strong>GRUPPEN \u00dcBER 5 PERSONEN <\/strong><br \/>\nNUR 30 MIN\u00dcTIGE F\u00dcHRUNG: GRATIS<br \/>\nF\u00dcHRUNG UND VERKOSTUNG: 5 EURO (inkl. MwSt., Kinder)<\/p>\n<p><strong>KONDITIONEN DER F\u00dcHRUNG:<\/strong><br \/>\nDie Uhrzeiten der F\u00fchrungen sind von der Verf\u00fcgbarkeit des Produktionszyklus abh\u00e4ngig.<br \/>\n(Vormittags, Nachmittags)<br \/>\nDie Buchung muss mit dem Empfangsmitarbeiter abgesprochen werden, der diese anschlie\u00dfend per Email best\u00e4tigt.<br \/>\nVerf\u00fcgbare Sprachen: Sardischer Dialekt, Italienisch, Englisch (andere Sprachen auf Anforderung)<br \/>\nBezahlm\u00f6glichkeiten: Bargeld, Kreditkarte.<br \/>\nAuf Anfrage stellen wir einen Shuttleservice vom Cagliari Zentrum, Hafen, Flughafen, und von Touristenattraktionen, zu Verf\u00fcgung.<\/p>\n<p>F\u00dcR WEITERE INFORMATIONEN:<br \/>\nder Empfangsmitarbeiter steht Ihnen gerne zur Verf\u00fcgung<\/p>\n<p>Tel.<br \/>\nMail casaformaggiaresu@tiscali.it<\/p>\n<\/div><\/div><div class=\"fusion-sep-clear\"><\/div><div class=\"fusion-separator fusion-full-width-sep sep-none\" style=\"border-color:#e0dede;margin-left: auto;margin-right: auto;margin-top:;margin-bottom:100px;\"><\/div><\/p>","protected":false},"excerpt":{"rendered":"","protected":false},"author":1,"featured_media":0,"parent":0,"menu_order":0,"comment_status":"closed","ping_status":"closed","template":"100-width.php","meta":{"footnotes":""},"class_list":["post-326","page","type-page","status-publish","hentry"],"yoast_head":"<!-- This site is optimized with the Yoast SEO plugin v26.8 - https:\/\/yoast.com\/product\/yoast-seo-wordpress\/ -->\n<title>F\u00fchrungen - Formaggi Aresu<\/title>\n<meta name=\"robots\" content=\"index, follow, max-snippet:-1, max-image-preview:large, max-video-preview:-1\" \/>\n<link rel=\"canonical\" href=\"https:\/\/www.formaggiaresu.com\/visite-guidate\/\" \/>\n<meta property=\"og:locale\" content=\"de_DE\" \/>\n<meta property=\"og:type\" content=\"article\" \/>\n<meta property=\"og:title\" content=\"F\u00fchrungen - Formaggi Aresu\" \/>\n<meta property=\"og:url\" content=\"https:\/\/www.formaggiaresu.com\/visite-guidate\/\" \/>\n<meta property=\"og:site_name\" content=\"Formaggi Aresu\" \/>\n<meta property=\"article:modified_time\" content=\"2017-04-28T09:48:55+00:00\" \/>\n<meta name=\"twitter:card\" content=\"summary_large_image\" \/>\n<meta name=\"twitter:label1\" content=\"Gesch\u00e4tzte Lesezeit\" \/>\n\t<meta name=\"twitter:data1\" content=\"12\u00a0Minuten\" \/>\n<script type=\"application\/ld+json\" class=\"yoast-schema-graph\">{\"@context\":\"https:\/\/schema.org\",\"@graph\":[{\"@type\":\"WebPage\",\"@id\":\"https:\/\/www.formaggiaresu.com\/visite-guidate\/\",\"url\":\"https:\/\/www.formaggiaresu.com\/visite-guidate\/\",\"name\":\"F\u00fchrungen - Formaggi Aresu\",\"isPartOf\":{\"@id\":\"https:\/\/www.formaggiaresu.com\/#website\"},\"datePublished\":\"2016-06-15T12:53:35+00:00\",\"dateModified\":\"2017-04-28T09:48:55+00:00\",\"breadcrumb\":{\"@id\":\"https:\/\/www.formaggiaresu.com\/visite-guidate\/#breadcrumb\"},\"inLanguage\":\"de\",\"potentialAction\":[{\"@type\":\"ReadAction\",\"target\":[\"https:\/\/www.formaggiaresu.com\/visite-guidate\/\"]}]},{\"@type\":\"BreadcrumbList\",\"@id\":\"https:\/\/www.formaggiaresu.com\/visite-guidate\/#breadcrumb\",\"itemListElement\":[{\"@type\":\"ListItem\",\"position\":1,\"name\":\"Home\",\"item\":\"https:\/\/www.formaggiaresu.com\/\"},{\"@type\":\"ListItem\",\"position\":2,\"name\":\"Visite guidate\"}]},{\"@type\":\"WebSite\",\"@id\":\"https:\/\/www.formaggiaresu.com\/#website\",\"url\":\"https:\/\/www.formaggiaresu.com\/\",\"name\":\"Formaggi Aresu\",\"description\":\"\",\"potentialAction\":[{\"@type\":\"SearchAction\",\"target\":{\"@type\":\"EntryPoint\",\"urlTemplate\":\"https:\/\/www.formaggiaresu.com\/?s={search_term_string}\"},\"query-input\":{\"@type\":\"PropertyValueSpecification\",\"valueRequired\":true,\"valueName\":\"search_term_string\"}}],\"inLanguage\":\"de\"}]}<\/script>\n<!-- \/ Yoast SEO plugin. -->","yoast_head_json":{"title":"F\u00fchrungen - Formaggi Aresu","robots":{"index":"index","follow":"follow","max-snippet":"max-snippet:-1","max-image-preview":"max-image-preview:large","max-video-preview":"max-video-preview:-1"},"canonical":"https:\/\/www.formaggiaresu.com\/visite-guidate\/","og_locale":"de_DE","og_type":"article","og_title":"F\u00fchrungen - Formaggi Aresu","og_url":"https:\/\/www.formaggiaresu.com\/visite-guidate\/","og_site_name":"Formaggi Aresu","article_modified_time":"2017-04-28T09:48:55+00:00","twitter_card":"summary_large_image","twitter_misc":{"Gesch\u00e4tzte Lesezeit":"12\u00a0Minuten"},"schema":{"@context":"https:\/\/schema.org","@graph":[{"@type":"WebPage","@id":"https:\/\/www.formaggiaresu.com\/visite-guidate\/","url":"https:\/\/www.formaggiaresu.com\/visite-guidate\/","name":"F\u00fchrungen - Formaggi Aresu","isPartOf":{"@id":"https:\/\/www.formaggiaresu.com\/#website"},"datePublished":"2016-06-15T12:53:35+00:00","dateModified":"2017-04-28T09:48:55+00:00","breadcrumb":{"@id":"https:\/\/www.formaggiaresu.com\/visite-guidate\/#breadcrumb"},"inLanguage":"de","potentialAction":[{"@type":"ReadAction","target":["https:\/\/www.formaggiaresu.com\/visite-guidate\/"]}]},{"@type":"BreadcrumbList","@id":"https:\/\/www.formaggiaresu.com\/visite-guidate\/#breadcrumb","itemListElement":[{"@type":"ListItem","position":1,"name":"Home","item":"https:\/\/www.formaggiaresu.com\/"},{"@type":"ListItem","position":2,"name":"Visite guidate"}]},{"@type":"WebSite","@id":"https:\/\/www.formaggiaresu.com\/#website","url":"https:\/\/www.formaggiaresu.com\/","name":"Formaggi Aresu","description":"","potentialAction":[{"@type":"SearchAction","target":{"@type":"EntryPoint","urlTemplate":"https:\/\/www.formaggiaresu.com\/?s={search_term_string}"},"query-input":{"@type":"PropertyValueSpecification","valueRequired":true,"valueName":"search_term_string"}}],"inLanguage":"de"}]}},"_links":{"self":[{"href":"https:\/\/www.formaggiaresu.com\/de\/wp-json\/wp\/v2\/pages\/326","targetHints":{"allow":["GET"]}}],"collection":[{"href":"https:\/\/www.formaggiaresu.com\/de\/wp-json\/wp\/v2\/pages"}],"about":[{"href":"https:\/\/www.formaggiaresu.com\/de\/wp-json\/wp\/v2\/types\/page"}],"author":[{"embeddable":true,"href":"https:\/\/www.formaggiaresu.com\/de\/wp-json\/wp\/v2\/users\/1"}],"replies":[{"embeddable":true,"href":"https:\/\/www.formaggiaresu.com\/de\/wp-json\/wp\/v2\/comments?post=326"}],"version-history":[{"count":33,"href":"https:\/\/www.formaggiaresu.com\/de\/wp-json\/wp\/v2\/pages\/326\/revisions"}],"predecessor-version":[{"id":1315,"href":"https:\/\/www.formaggiaresu.com\/de\/wp-json\/wp\/v2\/pages\/326\/revisions\/1315"}],"wp:attachment":[{"href":"https:\/\/www.formaggiaresu.com\/de\/wp-json\/wp\/v2\/media?parent=326"}],"curies":[{"name":"wp","href":"https:\/\/api.w.org\/{rel}","templated":true}]}}