{"id":22,"date":"2016-06-09T14:32:50","date_gmt":"2016-06-09T12:32:50","guid":{"rendered":"http:\/\/aresu2016.jservice.com\/?page_id=22"},"modified":"2017-04-28T11:37:26","modified_gmt":"2017-04-28T09:37:26","slug":"territorio","status":"publish","type":"page","link":"https:\/\/www.formaggiaresu.com\/de\/territorio\/","title":{"rendered":"Gebiet"},"content":{"rendered":"<p><div class=\"fusion-fullwidth fullwidth-box fusion-fullwidth-7  fusion-parallax-none nonhundred-percent-fullwidth\" style=\"border-color:#eae9e9;border-bottom-width: 0px;border-top-width: 0px;border-bottom-style: solid;border-top-style: solid;padding-bottom:50px;padding-top:20px;padding-left:;padding-right:;background-color:rgba(255,255,255,0);\"><style type=\"text\/css\" scoped=\"scoped\">.fusion-fullwidth-7 {\n                            padding-left: px !important;\n                            padding-right: px !important;\n                        }<\/style><div class=\"fusion-row\"><div class=\"fusion-sep-clear\"><\/div><div class=\"fusion-separator fusion-full-width-sep sep-none\" style=\"border-color:#e0dede;margin-left: auto;margin-right: auto;margin-top:;margin-bottom:30px;\"><\/div><div class=\"fusion-title title fusion-title-center fusion-title-size-two terrtit\" style=\"margin-top:20px;margin-bottom:20px;\"><div class=\"title-sep-container title-sep-container-left\"><div class=\"title-sep sep-single\"><\/div><\/div><h2 class=\"title-heading-center\"><span style=\"text-align: center; color: #dd8b3b; font-size: 23px;\">Zum Gl\u00fcck hat die Isolierung und die Entfernung vom Meer zur Stadt<br \/>\nin unserer Gegend, dem S\u00fcden Sardiniens, ein wirklich einzigartiges<br \/>\nProdukt gesch\u00fctzt und berreichert. Den sardischen K\u00e4se.<br \/>\n<\/span><\/h2><div class=\"title-sep-container title-sep-container-right\"><div class=\"title-sep sep-single\"><\/div><\/div><\/div><\/div><\/div><div class=\"fusion-fullwidth fullwidth-box fusion-fullwidth-8  fusion-parallax-none hundred-percent-fullwidth spot-video\" style=\"border-color:#eae9e9;border-bottom-width: 0px;border-top-width: 0px;border-bottom-style: solid;border-top-style: solid;padding-bottom:0px;padding-top:0px;padding-left:0px;padding-right:0px;background-color:rgba(255,255,255,0);\"><style type=\"text\/css\" scoped=\"scoped\">.fusion-fullwidth-8 {\n                            padding-left: 0px !important;\n                            padding-right: 0px !important;\n                        }<\/style><div class=\"fusion-row\"><iframe loading=\"lazy\" src=\"https:\/\/player.vimeo.com\/video\/177218083?color=fff&title=0&byline=0&portrait=0\" width=\"100%\" height=\"100%\" style=\"position:absolute;\" class=\"framevide\" frameborder=\"0\" webkitallowfullscreen mozallowfullscreen allowfullscreen><\/iframe>\r\n<div style=\"background-image:url(http:\/\/www.formaggiaresu.com\/wp-content\/uploads\/2016\/07\/DSCF2465.jpg);\"class=\"video-overlay\">\r\n<h2 style=\"text-align:center; text-align: center; font-size: 35px;\"class=\"title-heading-left\"><a style=\"color:#fff;\"href=\"\/la-storia\/\">Schau dir<br>unseren Spot an<\/a><\/h2>\r\n<a style=\"color:#fff;\" href=\"javascript:;\" class=\"button-link\" title=\"Vedi ora\">Schaue jetzt<\/a>\r\n<\/div><\/div><\/div><div class=\"fusion-fullwidth fullwidth-box fusion-fullwidth-9  fusion-parallax-none nonhundred-percent-fullwidth\" style=\"border-color:#eae9e9;border-bottom-width: 0px;border-top-width: 0px;border-bottom-style: solid;border-top-style: solid;padding-bottom:20px;padding-top:70px;padding-left:;padding-right:;background-color:rgba(255,255,255,0);\"><style type=\"text\/css\" scoped=\"scoped\">.fusion-fullwidth-9 {\n                            padding-left: px !important;\n                            padding-right: px !important;\n                        }<\/style><div class=\"fusion-row\"><p>Sardinien, eine mediterrane Insel reich an Traditionen, mit tausendj\u00e4hriger Geschichte, Natur und Herz.<br \/>\nSardinien ist in der ganzen Welt f\u00fcr das smaragdgr\u00fcne Meer und seine Str\u00e4nde ber\u00fchmt und auch f\u00fcr die Nuraghenzivilisation. (<a href=\"https:\/\/it.wikipedia.org\/wiki\/Civilt%C3%A0_nuragica\" target=\"_blank\">erfahre mehr<\/a>)<\/p>\n<p>Besuche die Insel im Herbst wenn die kleinen D\u00f6rfer im Landesinneren voller Volksfeste und Feierlichkeiten sind (<a href=\"http:\/\/www.cuoredellasardegna.it\/primavera-2016\/home.html\" target=\"_blank\">scopri<\/a>).<br \/>\nKomm im Winter um in den engen Stra\u00dfen den Duft der angefeuerten Kamine zu riechen,<br \/>\nwenn die Felder sich f\u00e4rben und die alten Karnevalriten die ber\u00fchmten<br \/>\nMasken von Zentralsardinien wieder aufleben lassen. (mammuthones, soccadores Masken etc.) (<a href=\"https:\/\/it.wikipedia.org\/wiki\/Mamuthones\" target=\"_blank\">erfahre mehr<\/a>)<\/p>\n<p>Eine Insel reich an unz\u00e4hligen traditionellen Festen; die ber\u00fchmte Sartiglia di Oristano (<a href=\"http:\/\/www.sartiglia.info\/\" target=\"_blank\">erfahre mehr<\/a>), mit dem Anf\u00fchrer seiner Ritter, Componidori, der weder Mann noch Frau ist;<br \/>\ndas Fest des Schutzheiligen Sardiniens, Sant\u2019Efisio (<a href=\"http:\/\/www.cagliariturismo.it \" target=\"_blank\">scopri<\/a>) in Cagliari, bei Ardia di Sedilo (<a href=\"https:\/\/it.wikipedia.org\/wiki\/Ardia\" target=\"_blank\">erfahre mehr<\/a>), wo der Glaube sich mit der Geschicklichkeit der Ritter kreuzt.<br \/>\nVon der spanischen Stadt Alghero (<a href=\"https:\/\/it.wikipedia.org\/wiki\/Alghero\" target=\"_blank\">erfahre mehr<\/a>) bis zur Hauptstadt Cagliari, mit ihrer Geschichte, mit ihren Vierteln und ihrem Schloss; besuche vielleicht einmal die wildeste und unbefleckteste Gegend der ganzen Insel, die Provinz von Ogliastra (<a href=\"http:\/\/www.provinciaogliastra.gov.it\/provincia\/\" target=\"_blank\">erfahre mehr<\/a>).<\/p>\n<p>W\u00e4hrend dieses Traumes wird dich der frische Wind von Maestrale begleiten, ein ganz spezieller Empfang, der charakteristisch f\u00fcr jeden Sarden ist und eine K\u00fcche, die in der ganzen Welt bekannt und gesch\u00e4tzt ist und an der Spitze der enogastronomischen Tradition Italiens steht (<a href=\"http:\/\/www.ricettedisardegna.it\/\" target=\"_blank\">erfahre mehr<\/a>).<\/p>\n<div class=\"fusion-sep-clear\"><\/div><div class=\"fusion-separator fusion-full-width-sep sep-none\" style=\"border-color:#e0dede;margin-left: auto;margin-right: auto;margin-top:;margin-bottom:60px;\"><\/div><div class=\"fusion-one-half fusion-layout-column fusion-spacing-yes itali\" style=\"margin-top:100px;margin-bottom:20px;\"><div class=\"fusion-column-wrapper\"><div class=\"fusion-sep-clear\"><\/div><div class=\"fusion-separator fusion-full-width-sep sep-none\" style=\"border-color:#e0dede;margin-left: auto;margin-right: auto;margin-top:;margin-bottom:100px;\"><\/div><span style=\"margin-right:25px;float:left;\" class=\"fusion-imageframe imageframe-none imageframe-7 hover-type-none\"> <img decoding=\"async\" alt=\"\" src=\"https:\/\/www.formaggiaresu.com\/wp-content\/uploads\/2016\/06\/virgole_su.png\" class=\"img-responsive\"width=\"32\" height=\"28\"\/><\/span><div class=\"fusion-testimonials clean fusion-testimonials-3\" data-random=\"0\"><style type='text\/css' scoped='scoped'>\n\t\t#fusion-testimonials-3 a{border-color: #dd8b3b;}#fusion-testimonials-3 a:hover, #fusion-testimonials-3 .activeSlide{background-color: #dd8b3b;}\n\t\t.fusion-testimonials.clean.fusion-testimonials-3 .author:after{border-top-color:rgba(246,246,246,0) !important;}<\/style><div class=\"reviews\"><div class=\"review no-avatar\"><blockquote style=\"margin: -25px;background-color:rgba(246,246,246,0);\"><q style=\"background-color:rgba(246,246,246,0);color:#dd8b3b;\">[\u2026] lausche dieser Stille,<br \/>\nweil du in Mitten dieses Tobens,<br \/>\nin Mitten von Sardinien,<br \/>\nnichts bist<\/q><\/blockquote><div class=\"author\" style=\"color:#dd8b3b;\"><span class=\"company-name\"><strong>Giuseppe Dess\u00ec<\/strong>, <span>Sardischer Schriftsteller<\/span><\/span><\/div><\/div><\/div><div class=\"testimonial-pagination\" id=\"fusion-testimonials-3\"><\/div><\/div><span style=\"margin-left:25px;float:right;\" class=\"fusion-imageframe imageframe-none imageframe-8 hover-type-none\"> <img decoding=\"async\" alt=\"\" src=\"https:\/\/www.formaggiaresu.com\/wp-content\/uploads\/2016\/06\/virgole_giu.png\" class=\"img-responsive\"width=\"32\" height=\"28\"\/><\/span><div class=\"fusion-clearfix\"><\/div><\/div><\/div><div class=\"fusion-one-half fusion-layout-column fusion-column-last fusion-spacing-yes\" style=\"margin-top:0px;margin-bottom:20px;\"><div class=\"fusion-column-wrapper\"><div class=\"imageframe-align-center\"><span class=\"fusion-imageframe imageframe-none imageframe-9 hover-type-none fusion-animated\" data-animationType=\"slideInRight\" data-animationDuration=\"0.1\" data-animationOffset=\"100%\"> <img decoding=\"async\" alt=\"\" src=\"https:\/\/www.formaggiaresu.com\/wp-content\/uploads\/2016\/06\/italia.png\" class=\"img-responsive\"width=\"500\" height=\"592\"\/><\/span><\/div><div class=\"fusion-clearfix\"><\/div><\/div><\/div><div class=\"fusion-clearfix\"><\/div><\/div><\/div><\/p>","protected":false},"excerpt":{"rendered":"","protected":false},"author":1,"featured_media":0,"parent":0,"menu_order":0,"comment_status":"closed","ping_status":"closed","template":"100-width.php","meta":{"footnotes":""},"class_list":["post-22","page","type-page","status-publish","hentry"],"yoast_head":"<!-- This site is optimized with the Yoast SEO plugin v26.8 - https:\/\/yoast.com\/product\/yoast-seo-wordpress\/ -->\n<title>Territori di produzione dei formaggi tipici sardi Aresu<\/title>\n<meta name=\"description\" content=\"I formaggi del caseificio Aresu sono prodotti nei territorio del sud Sardegna, terra incontaminata ricca di storia e tradizioni.\" \/>\n<meta name=\"robots\" content=\"index, follow, max-snippet:-1, max-image-preview:large, max-video-preview:-1\" \/>\n<link rel=\"canonical\" href=\"https:\/\/www.formaggiaresu.com\/territorio\/\" \/>\n<meta property=\"og:locale\" content=\"de_DE\" \/>\n<meta property=\"og:type\" content=\"article\" \/>\n<meta property=\"og:title\" content=\"Territori di produzione dei formaggi tipici sardi Aresu\" \/>\n<meta property=\"og:description\" content=\"I formaggi del caseificio Aresu sono prodotti nei territorio del sud Sardegna, terra incontaminata ricca di storia e tradizioni.\" \/>\n<meta property=\"og:url\" content=\"https:\/\/www.formaggiaresu.com\/territorio\/\" \/>\n<meta property=\"og:site_name\" content=\"Formaggi Aresu\" \/>\n<meta property=\"article:modified_time\" content=\"2017-04-28T09:37:26+00:00\" \/>\n<meta property=\"og:image\" content=\"https:\/\/www.formaggiaresu.com\/wp-content\/uploads\/2016\/06\/virgole_su.png\" \/>\n<meta name=\"twitter:card\" content=\"summary_large_image\" \/>\n<meta name=\"twitter:label1\" content=\"Gesch\u00e4tzte Lesezeit\" \/>\n\t<meta name=\"twitter:data1\" content=\"15\u00a0Minuten\" \/>\n<script type=\"application\/ld+json\" class=\"yoast-schema-graph\">{\"@context\":\"https:\/\/schema.org\",\"@graph\":[{\"@type\":\"WebPage\",\"@id\":\"https:\/\/www.formaggiaresu.com\/territorio\/\",\"url\":\"https:\/\/www.formaggiaresu.com\/territorio\/\",\"name\":\"Territori di produzione dei formaggi tipici sardi Aresu\",\"isPartOf\":{\"@id\":\"https:\/\/www.formaggiaresu.com\/#website\"},\"primaryImageOfPage\":{\"@id\":\"https:\/\/www.formaggiaresu.com\/territorio\/#primaryimage\"},\"image\":{\"@id\":\"https:\/\/www.formaggiaresu.com\/territorio\/#primaryimage\"},\"thumbnailUrl\":\"https:\/\/www.formaggiaresu.com\/wp-content\/uploads\/2016\/06\/virgole_su.png\",\"datePublished\":\"2016-06-09T12:32:50+00:00\",\"dateModified\":\"2017-04-28T09:37:26+00:00\",\"description\":\"I formaggi del caseificio Aresu sono prodotti nei territorio del sud Sardegna, terra incontaminata ricca di storia e tradizioni.\",\"breadcrumb\":{\"@id\":\"https:\/\/www.formaggiaresu.com\/territorio\/#breadcrumb\"},\"inLanguage\":\"de\",\"potentialAction\":[{\"@type\":\"ReadAction\",\"target\":[\"https:\/\/www.formaggiaresu.com\/territorio\/\"]}]},{\"@type\":\"ImageObject\",\"inLanguage\":\"de\",\"@id\":\"https:\/\/www.formaggiaresu.com\/territorio\/#primaryimage\",\"url\":\"https:\/\/www.formaggiaresu.com\/wp-content\/uploads\/2016\/06\/virgole_su.png\",\"contentUrl\":\"https:\/\/www.formaggiaresu.com\/wp-content\/uploads\/2016\/06\/virgole_su.png\"},{\"@type\":\"BreadcrumbList\",\"@id\":\"https:\/\/www.formaggiaresu.com\/territorio\/#breadcrumb\",\"itemListElement\":[{\"@type\":\"ListItem\",\"position\":1,\"name\":\"Home\",\"item\":\"https:\/\/www.formaggiaresu.com\/\"},{\"@type\":\"ListItem\",\"position\":2,\"name\":\"Territorio\"}]},{\"@type\":\"WebSite\",\"@id\":\"https:\/\/www.formaggiaresu.com\/#website\",\"url\":\"https:\/\/www.formaggiaresu.com\/\",\"name\":\"Formaggi Aresu\",\"description\":\"\",\"potentialAction\":[{\"@type\":\"SearchAction\",\"target\":{\"@type\":\"EntryPoint\",\"urlTemplate\":\"https:\/\/www.formaggiaresu.com\/?s={search_term_string}\"},\"query-input\":{\"@type\":\"PropertyValueSpecification\",\"valueRequired\":true,\"valueName\":\"search_term_string\"}}],\"inLanguage\":\"de\"}]}<\/script>\n<!-- \/ Yoast SEO plugin. -->","yoast_head_json":{"title":"Territori di produzione dei formaggi tipici sardi Aresu","description":"I formaggi del caseificio Aresu sono prodotti nei territorio del sud Sardegna, terra incontaminata ricca di storia e tradizioni.","robots":{"index":"index","follow":"follow","max-snippet":"max-snippet:-1","max-image-preview":"max-image-preview:large","max-video-preview":"max-video-preview:-1"},"canonical":"https:\/\/www.formaggiaresu.com\/territorio\/","og_locale":"de_DE","og_type":"article","og_title":"Territori di produzione dei formaggi tipici sardi Aresu","og_description":"I formaggi del caseificio Aresu sono prodotti nei territorio del sud Sardegna, terra incontaminata ricca di storia e tradizioni.","og_url":"https:\/\/www.formaggiaresu.com\/territorio\/","og_site_name":"Formaggi Aresu","article_modified_time":"2017-04-28T09:37:26+00:00","og_image":[{"url":"https:\/\/www.formaggiaresu.com\/wp-content\/uploads\/2016\/06\/virgole_su.png","type":"","width":"","height":""}],"twitter_card":"summary_large_image","twitter_misc":{"Gesch\u00e4tzte Lesezeit":"15\u00a0Minuten"},"schema":{"@context":"https:\/\/schema.org","@graph":[{"@type":"WebPage","@id":"https:\/\/www.formaggiaresu.com\/territorio\/","url":"https:\/\/www.formaggiaresu.com\/territorio\/","name":"Territori di produzione dei formaggi tipici sardi Aresu","isPartOf":{"@id":"https:\/\/www.formaggiaresu.com\/#website"},"primaryImageOfPage":{"@id":"https:\/\/www.formaggiaresu.com\/territorio\/#primaryimage"},"image":{"@id":"https:\/\/www.formaggiaresu.com\/territorio\/#primaryimage"},"thumbnailUrl":"https:\/\/www.formaggiaresu.com\/wp-content\/uploads\/2016\/06\/virgole_su.png","datePublished":"2016-06-09T12:32:50+00:00","dateModified":"2017-04-28T09:37:26+00:00","description":"I formaggi del caseificio Aresu sono prodotti nei territorio del sud Sardegna, terra incontaminata ricca di storia e tradizioni.","breadcrumb":{"@id":"https:\/\/www.formaggiaresu.com\/territorio\/#breadcrumb"},"inLanguage":"de","potentialAction":[{"@type":"ReadAction","target":["https:\/\/www.formaggiaresu.com\/territorio\/"]}]},{"@type":"ImageObject","inLanguage":"de","@id":"https:\/\/www.formaggiaresu.com\/territorio\/#primaryimage","url":"https:\/\/www.formaggiaresu.com\/wp-content\/uploads\/2016\/06\/virgole_su.png","contentUrl":"https:\/\/www.formaggiaresu.com\/wp-content\/uploads\/2016\/06\/virgole_su.png"},{"@type":"BreadcrumbList","@id":"https:\/\/www.formaggiaresu.com\/territorio\/#breadcrumb","itemListElement":[{"@type":"ListItem","position":1,"name":"Home","item":"https:\/\/www.formaggiaresu.com\/"},{"@type":"ListItem","position":2,"name":"Territorio"}]},{"@type":"WebSite","@id":"https:\/\/www.formaggiaresu.com\/#website","url":"https:\/\/www.formaggiaresu.com\/","name":"Formaggi Aresu","description":"","potentialAction":[{"@type":"SearchAction","target":{"@type":"EntryPoint","urlTemplate":"https:\/\/www.formaggiaresu.com\/?s={search_term_string}"},"query-input":{"@type":"PropertyValueSpecification","valueRequired":true,"valueName":"search_term_string"}}],"inLanguage":"de"}]}},"_links":{"self":[{"href":"https:\/\/www.formaggiaresu.com\/de\/wp-json\/wp\/v2\/pages\/22","targetHints":{"allow":["GET"]}}],"collection":[{"href":"https:\/\/www.formaggiaresu.com\/de\/wp-json\/wp\/v2\/pages"}],"about":[{"href":"https:\/\/www.formaggiaresu.com\/de\/wp-json\/wp\/v2\/types\/page"}],"author":[{"embeddable":true,"href":"https:\/\/www.formaggiaresu.com\/de\/wp-json\/wp\/v2\/users\/1"}],"replies":[{"embeddable":true,"href":"https:\/\/www.formaggiaresu.com\/de\/wp-json\/wp\/v2\/comments?post=22"}],"version-history":[{"count":58,"href":"https:\/\/www.formaggiaresu.com\/de\/wp-json\/wp\/v2\/pages\/22\/revisions"}],"predecessor-version":[{"id":1314,"href":"https:\/\/www.formaggiaresu.com\/de\/wp-json\/wp\/v2\/pages\/22\/revisions\/1314"}],"wp:attachment":[{"href":"https:\/\/www.formaggiaresu.com\/de\/wp-json\/wp\/v2\/media?parent=22"}],"curies":[{"name":"wp","href":"https:\/\/api.w.org\/{rel}","templated":true}]}}