{"id":20,"date":"2016-06-09T14:32:23","date_gmt":"2016-06-09T12:32:23","guid":{"rendered":"http:\/\/aresu2016.jservice.com\/?page_id=20"},"modified":"2017-04-27T15:40:51","modified_gmt":"2017-04-27T13:40:51","slug":"persone","status":"publish","type":"page","link":"https:\/\/www.formaggiaresu.com\/de\/persone\/","title":{"rendered":"Menschen"},"content":{"rendered":"<p><div class=\"fusion-fullwidth fullwidth-box fusion-fullwidth-9  fusion-parallax-none nonhundred-percent-fullwidth\" style=\"border-color:#eae9e9;border-bottom-width: 0px;border-top-width: 0px;border-bottom-style: solid;border-top-style: solid;padding-bottom:100px;padding-top:30px;padding-left:;padding-right:;background-color:rgba(255,255,255,0);\"><style type=\"text\/css\" scoped=\"scoped\">.fusion-fullwidth-9 {\n                            padding-left: px !important;\n                            padding-right: px !important;\n                        }<\/style><div class=\"fusion-row\"><div class=\"fusion-title title fusion-title-center fusion-title-size-two terrtit\" style=\"margin-top:20px;margin-bottom:20px;\"><div class=\"title-sep-container title-sep-container-left\"><div class=\"title-sep sep-single\"><\/div><\/div><h2 class=\"title-heading-center\"><span style=\"text-align: center; color: #dd8b3b; font-size: 23px;\">Menschen, Arbeit, Leidenschaft.<br \/>\nEine Gruppe wahrer K\u00fcnstler ihres Handwerks,<br \/>\neine gro\u00dfe Familie, der Wert jener Menschen,<br \/>\ndie jeden Tag hinter all dem stehen.<br \/>\n<\/span><\/h2><div class=\"title-sep-container title-sep-container-right\"><div class=\"title-sep sep-single\"><\/div><\/div><\/div><div class=\"fusion-sep-clear\"><\/div><div class=\"fusion-separator fusion-full-width-sep sep-none\" style=\"border-color:#e0dede;margin-left: auto;margin-right: auto;margin-top:;margin-bottom:45px;\"><\/div><div class=\"imageframe-align-center\"><span class=\"fusion-imageframe imageframe-none imageframe-3 hover-type-none puzle\"> <img decoding=\"async\" alt=\"\" src=\"https:\/\/www.formaggiaresu.com\/wp-content\/uploads\/2016\/06\/Ritratti_Collage.png\" class=\"img-responsive\"width=\"1500\" height=\"610\"\/><\/span><\/div><\/div><\/div><div class=\"fusion-bg-parallax\" data-bg-align=\"right top\" data-direction=\"right\" data-mute=\"yes\" data-opacity=\"100\" data-velocity=\"-0.3\" data-mobile-enabled=\"false\" data-break-parents=\"0\" data-bg-image=\"https:\/\/www.formaggiaresu.com\/wp-content\/uploads\/2016\/06\/sfondo_persone_1.jpg\" data-bg-repeat=\"false\"><\/div><div class=\"fusion-fullwidth fullwidth-box fusion-fullwidth-10  fusion-parallax-right nonhundred-percent-fullwidth persone1\" style=\"border-color:#eae9e9;border-bottom-width: 0px;border-top-width: 0px;border-bottom-style: solid;border-top-style: solid;padding-bottom:0px;padding-top:0px;padding-left:;padding-right:;\"><style type=\"text\/css\" scoped=\"scoped\">.fusion-fullwidth-10 {\n                            padding-left: px !important;\n                            padding-right: px !important;\n                        }<\/style><div class=\"fusion-row\"><div class=\"fusion-one-half fusion-layout-column fusion-spacing-yes rigatesto\" style=\"margin-top:0px;margin-bottom:0px;\"><div class=\"fusion-column-wrapper\"><div class=\"fusion-sep-clear\"><\/div><div class=\"fusion-separator fusion-full-width-sep sep-none\" style=\"border-color:#e0dede;margin-left: auto;margin-right: auto;margin-top:140px;\"><\/div><div class=\"fusion-title title fusion-sep-none fusion-title-size-two bianco\" style=\"margin-top:0px;margin-bottom:15px;\"><h2 class=\"title-heading-left\">DER WERT DER H\u00c4NDE<\/h2><\/div><p>Die H\u00e4nde vergessen nicht was die Augen gesehen haben. Viele Arbeiten werden von Hand get\u00e4tigt, weil die H\u00e4nde sich nunmal am Besten daf\u00fcr eignen.<\/p>\n<div class=\"fusion-sep-clear\"><\/div><div class=\"fusion-separator fusion-full-width-sep sep-none\" style=\"border-color:#e0dede;margin-left: auto;margin-right: auto;margin-top:140px;\"><\/div><div class=\"fusion-clearfix\"><\/div><\/div><\/div><div class=\"fusion-one-half fusion-layout-column fusion-column-last fusion-spacing-yes\" style=\"margin-top:0px;margin-bottom:0px;\"><div class=\"fusion-column-wrapper\"><div class=\"fusion-clearfix\"><\/div><\/div><\/div><div class=\"fusion-clearfix\"><\/div><\/div><\/div><div class=\"fusion-bg-parallax\" data-bg-align=\"left top\" data-direction=\"left\" data-mute=\"yes\" data-opacity=\"100\" data-velocity=\"-0.3\" data-mobile-enabled=\"false\" data-break-parents=\"0\" data-bg-image=\"https:\/\/www.formaggiaresu.com\/wp-content\/uploads\/2016\/06\/sfondo_persone_2.jpg\" data-bg-repeat=\"false\"><\/div><div class=\"fusion-fullwidth fullwidth-box fusion-fullwidth-11  fusion-parallax-left nonhundred-percent-fullwidth persone2\" style=\"border-color:#eae9e9;border-bottom-width: 0px;border-top-width: 0px;border-bottom-style: solid;border-top-style: solid;padding-bottom:0px;padding-top:0px;padding-left:;padding-right:;\"><style type=\"text\/css\" scoped=\"scoped\">.fusion-fullwidth-11 {\n                            padding-left: px !important;\n                            padding-right: px !important;\n                        }<\/style><div class=\"fusion-row\"><div class=\"fusion-one-half fusion-layout-column fusion-spacing-yes\" style=\"margin-top:0px;margin-bottom:0px;\"><div class=\"fusion-column-wrapper\"><div class=\"fusion-sep-clear\"><\/div><div class=\"fusion-separator fusion-full-width-sep sep-none\" style=\"border-color:#e0dede;margin-left: auto;margin-right: auto;margin-top:70px;\"><\/div><div class=\"fusion-clearfix\"><\/div><\/div><\/div><div class=\"fusion-one-half fusion-layout-column fusion-column-last fusion-spacing-yes rigatesto\" style=\"margin-top:0px;margin-bottom:20px;\"><div class=\"fusion-column-wrapper\"><div class=\"fusion-sep-clear\"><\/div><div class=\"fusion-separator fusion-full-width-sep sep-none\" style=\"border-color:#e0dede;margin-left: auto;margin-right: auto;margin-top:120px;\"><\/div><div class=\"fusion-title title fusion-sep-none fusion-title-size-two nero\" style=\"margin-top:0px;margin-bottom:15px;\"><h2 class=\"title-heading-left\"><span style=\"color: #181818;\">MEISTER<\/span><\/h2><\/div><p><span style=\"color: #181818;\">Die Natur stellt her, die H\u00e4nde verarbeiten sie. Die Kunst sardischer K\u00e4seherstellung steckt in jedem einzelnen K\u00e4sest\u00fcck.<\/span><\/p>\n<div class=\"fusion-sep-clear\"><\/div><div class=\"fusion-separator fusion-full-width-sep sep-none\" style=\"border-color:#e0dede;margin-left: auto;margin-right: auto;margin-top:120px;\"><\/div><div class=\"fusion-clearfix\"><\/div><\/div><\/div><div class=\"fusion-clearfix\"><\/div><\/div><\/div><div class=\"fusion-fullwidth fullwidth-box fusion-fullwidth-12  fusion-parallax-fixed nonhundred-percent-fullwidth persone3\" style=\"border-color:#eae9e9;border-bottom-width: 0px;border-top-width: 0px;border-bottom-style: solid;border-top-style: solid;padding-bottom:20px;padding-top:0px;padding-left:;padding-right:;background-attachment:fixed;background-color:rgba(255,255,255,0);background-position:right top;background-repeat:no-repeat;-webkit-background-size:cover;-moz-background-size:cover;-o-background-size:cover;background-size:cover;-ms-filter: &quot;progid:DXImageTransform.Microsoft.AlphaImageLoader(src=&#039;https:\/\/www.formaggiaresu.com\/wp-content\/uploads\/2016\/06\/sfondo_persone_3.jpg&#039;, sizingMethod=&#039;scale&#039;)&quot;;background-image: url(https:\/\/www.formaggiaresu.com\/wp-content\/uploads\/2016\/06\/sfondo_persone_3.jpg);\"><style type=\"text\/css\" scoped=\"scoped\">.fusion-fullwidth-12 {\n                            padding-left: px !important;\n                            padding-right: px !important;\n                        }<\/style><div class=\"fusion-row\"><div class=\"fusion-one-half fusion-layout-column fusion-spacing-yes rigatesto\" style=\"margin-top:0px;margin-bottom:0px;\"><div class=\"fusion-column-wrapper\"><div class=\"fusion-sep-clear\"><\/div><div class=\"fusion-separator fusion-full-width-sep sep-none\" style=\"border-color:#e0dede;margin-left: auto;margin-right: auto;margin-top:140px;\"><\/div><div class=\"fusion-title title fusion-sep-none fusion-title-size-two bianco\" style=\"margin-top:0px;margin-bottom:15px;\"><h2 class=\"title-heading-left\">DIE ZEIT LEHRT UNS<\/h2><\/div><p>Glaube an die jahrhundertealte Tradition, denn in Sardinien wird K\u00e4se seit der Bronzezeit hergestellt (1800 v.Chr.)<\/p>\n<p><u><a href=\"https:\/\/it.m.wikipedia.org\/wiki\/Civilt%C3%A0_nuragica\" target=\"_blank\"><span style=\"color: #fff;\">La Civilt\u00e0 Nuragica<\/span><\/a><\/u><\/p>\n<div class=\"fusion-sep-clear\"><\/div><div class=\"fusion-separator fusion-full-width-sep sep-none\" style=\"border-color:#e0dede;margin-left: auto;margin-right: auto;margin-top:140px;\"><\/div><div class=\"fusion-clearfix\"><\/div><\/div><\/div><div class=\"fusion-one-half fusion-layout-column fusion-column-last fusion-spacing-yes\" style=\"margin-top:0px;margin-bottom:0px;\"><div class=\"fusion-column-wrapper\"><div class=\"fusion-clearfix\"><\/div><\/div><\/div><div class=\"fusion-clearfix\"><\/div><\/div><\/div><\/p>","protected":false},"excerpt":{"rendered":"","protected":false},"author":1,"featured_media":0,"parent":0,"menu_order":0,"comment_status":"closed","ping_status":"closed","template":"100-width.php","meta":{"footnotes":""},"class_list":["post-20","page","type-page","status-publish","hentry"],"yoast_head":"<!-- This site is optimized with the Yoast SEO plugin v26.8 - https:\/\/yoast.com\/product\/yoast-seo-wordpress\/ -->\n<title>Persone che producono con passione i formaggi Aresu<\/title>\n<meta name=\"description\" content=\"I formaggi tipici sardi Aresu sono prodotti dalle mani esperte di lavoratori che con passione applicano l&#039;arte casearia sarda su ogni formaggio.\" \/>\n<meta name=\"robots\" content=\"index, follow, max-snippet:-1, max-image-preview:large, max-video-preview:-1\" \/>\n<link rel=\"canonical\" href=\"https:\/\/www.formaggiaresu.com\/persone\/\" \/>\n<meta property=\"og:locale\" content=\"de_DE\" \/>\n<meta property=\"og:type\" content=\"article\" \/>\n<meta property=\"og:title\" content=\"Persone che producono con passione i formaggi Aresu\" \/>\n<meta property=\"og:description\" content=\"I formaggi tipici sardi Aresu sono prodotti dalle mani esperte di lavoratori che con passione applicano l&#039;arte casearia sarda su ogni formaggio.\" \/>\n<meta property=\"og:url\" content=\"https:\/\/www.formaggiaresu.com\/persone\/\" \/>\n<meta property=\"og:site_name\" content=\"Formaggi Aresu\" \/>\n<meta property=\"article:modified_time\" content=\"2017-04-27T13:40:51+00:00\" \/>\n<meta property=\"og:image\" content=\"https:\/\/www.formaggiaresu.com\/wp-content\/uploads\/2016\/06\/Ritratti_Collage.png\" \/>\n<meta name=\"twitter:card\" content=\"summary_large_image\" \/>\n<meta name=\"twitter:label1\" content=\"Gesch\u00e4tzte Lesezeit\" \/>\n\t<meta name=\"twitter:data1\" content=\"17\u00a0Minuten\" \/>\n<script type=\"application\/ld+json\" class=\"yoast-schema-graph\">{\"@context\":\"https:\/\/schema.org\",\"@graph\":[{\"@type\":\"WebPage\",\"@id\":\"https:\/\/www.formaggiaresu.com\/persone\/\",\"url\":\"https:\/\/www.formaggiaresu.com\/persone\/\",\"name\":\"Persone che producono con passione i formaggi Aresu\",\"isPartOf\":{\"@id\":\"https:\/\/www.formaggiaresu.com\/#website\"},\"primaryImageOfPage\":{\"@id\":\"https:\/\/www.formaggiaresu.com\/persone\/#primaryimage\"},\"image\":{\"@id\":\"https:\/\/www.formaggiaresu.com\/persone\/#primaryimage\"},\"thumbnailUrl\":\"https:\/\/www.formaggiaresu.com\/wp-content\/uploads\/2016\/06\/Ritratti_Collage.png\",\"datePublished\":\"2016-06-09T12:32:23+00:00\",\"dateModified\":\"2017-04-27T13:40:51+00:00\",\"description\":\"I formaggi tipici sardi Aresu sono prodotti dalle mani esperte di lavoratori che con passione applicano l'arte casearia sarda su ogni formaggio.\",\"breadcrumb\":{\"@id\":\"https:\/\/www.formaggiaresu.com\/persone\/#breadcrumb\"},\"inLanguage\":\"de\",\"potentialAction\":[{\"@type\":\"ReadAction\",\"target\":[\"https:\/\/www.formaggiaresu.com\/persone\/\"]}]},{\"@type\":\"ImageObject\",\"inLanguage\":\"de\",\"@id\":\"https:\/\/www.formaggiaresu.com\/persone\/#primaryimage\",\"url\":\"https:\/\/www.formaggiaresu.com\/wp-content\/uploads\/2016\/06\/Ritratti_Collage.png\",\"contentUrl\":\"https:\/\/www.formaggiaresu.com\/wp-content\/uploads\/2016\/06\/Ritratti_Collage.png\"},{\"@type\":\"BreadcrumbList\",\"@id\":\"https:\/\/www.formaggiaresu.com\/persone\/#breadcrumb\",\"itemListElement\":[{\"@type\":\"ListItem\",\"position\":1,\"name\":\"Home\",\"item\":\"https:\/\/www.formaggiaresu.com\/\"},{\"@type\":\"ListItem\",\"position\":2,\"name\":\"Persone\"}]},{\"@type\":\"WebSite\",\"@id\":\"https:\/\/www.formaggiaresu.com\/#website\",\"url\":\"https:\/\/www.formaggiaresu.com\/\",\"name\":\"Formaggi Aresu\",\"description\":\"\",\"potentialAction\":[{\"@type\":\"SearchAction\",\"target\":{\"@type\":\"EntryPoint\",\"urlTemplate\":\"https:\/\/www.formaggiaresu.com\/?s={search_term_string}\"},\"query-input\":{\"@type\":\"PropertyValueSpecification\",\"valueRequired\":true,\"valueName\":\"search_term_string\"}}],\"inLanguage\":\"de\"}]}<\/script>\n<!-- \/ Yoast SEO plugin. -->","yoast_head_json":{"title":"Persone che producono con passione i formaggi Aresu","description":"I formaggi tipici sardi Aresu sono prodotti dalle mani esperte di lavoratori che con passione applicano l'arte casearia sarda su ogni formaggio.","robots":{"index":"index","follow":"follow","max-snippet":"max-snippet:-1","max-image-preview":"max-image-preview:large","max-video-preview":"max-video-preview:-1"},"canonical":"https:\/\/www.formaggiaresu.com\/persone\/","og_locale":"de_DE","og_type":"article","og_title":"Persone che producono con passione i formaggi Aresu","og_description":"I formaggi tipici sardi Aresu sono prodotti dalle mani esperte di lavoratori che con passione applicano l'arte casearia sarda su ogni formaggio.","og_url":"https:\/\/www.formaggiaresu.com\/persone\/","og_site_name":"Formaggi Aresu","article_modified_time":"2017-04-27T13:40:51+00:00","og_image":[{"url":"https:\/\/www.formaggiaresu.com\/wp-content\/uploads\/2016\/06\/Ritratti_Collage.png","type":"","width":"","height":""}],"twitter_card":"summary_large_image","twitter_misc":{"Gesch\u00e4tzte Lesezeit":"17\u00a0Minuten"},"schema":{"@context":"https:\/\/schema.org","@graph":[{"@type":"WebPage","@id":"https:\/\/www.formaggiaresu.com\/persone\/","url":"https:\/\/www.formaggiaresu.com\/persone\/","name":"Persone che producono con passione i formaggi Aresu","isPartOf":{"@id":"https:\/\/www.formaggiaresu.com\/#website"},"primaryImageOfPage":{"@id":"https:\/\/www.formaggiaresu.com\/persone\/#primaryimage"},"image":{"@id":"https:\/\/www.formaggiaresu.com\/persone\/#primaryimage"},"thumbnailUrl":"https:\/\/www.formaggiaresu.com\/wp-content\/uploads\/2016\/06\/Ritratti_Collage.png","datePublished":"2016-06-09T12:32:23+00:00","dateModified":"2017-04-27T13:40:51+00:00","description":"I formaggi tipici sardi Aresu sono prodotti dalle mani esperte di lavoratori che con passione applicano l'arte casearia sarda su ogni formaggio.","breadcrumb":{"@id":"https:\/\/www.formaggiaresu.com\/persone\/#breadcrumb"},"inLanguage":"de","potentialAction":[{"@type":"ReadAction","target":["https:\/\/www.formaggiaresu.com\/persone\/"]}]},{"@type":"ImageObject","inLanguage":"de","@id":"https:\/\/www.formaggiaresu.com\/persone\/#primaryimage","url":"https:\/\/www.formaggiaresu.com\/wp-content\/uploads\/2016\/06\/Ritratti_Collage.png","contentUrl":"https:\/\/www.formaggiaresu.com\/wp-content\/uploads\/2016\/06\/Ritratti_Collage.png"},{"@type":"BreadcrumbList","@id":"https:\/\/www.formaggiaresu.com\/persone\/#breadcrumb","itemListElement":[{"@type":"ListItem","position":1,"name":"Home","item":"https:\/\/www.formaggiaresu.com\/"},{"@type":"ListItem","position":2,"name":"Persone"}]},{"@type":"WebSite","@id":"https:\/\/www.formaggiaresu.com\/#website","url":"https:\/\/www.formaggiaresu.com\/","name":"Formaggi Aresu","description":"","potentialAction":[{"@type":"SearchAction","target":{"@type":"EntryPoint","urlTemplate":"https:\/\/www.formaggiaresu.com\/?s={search_term_string}"},"query-input":{"@type":"PropertyValueSpecification","valueRequired":true,"valueName":"search_term_string"}}],"inLanguage":"de"}]}},"_links":{"self":[{"href":"https:\/\/www.formaggiaresu.com\/de\/wp-json\/wp\/v2\/pages\/20","targetHints":{"allow":["GET"]}}],"collection":[{"href":"https:\/\/www.formaggiaresu.com\/de\/wp-json\/wp\/v2\/pages"}],"about":[{"href":"https:\/\/www.formaggiaresu.com\/de\/wp-json\/wp\/v2\/types\/page"}],"author":[{"embeddable":true,"href":"https:\/\/www.formaggiaresu.com\/de\/wp-json\/wp\/v2\/users\/1"}],"replies":[{"embeddable":true,"href":"https:\/\/www.formaggiaresu.com\/de\/wp-json\/wp\/v2\/comments?post=20"}],"version-history":[{"count":65,"href":"https:\/\/www.formaggiaresu.com\/de\/wp-json\/wp\/v2\/pages\/20\/revisions"}],"predecessor-version":[{"id":1296,"href":"https:\/\/www.formaggiaresu.com\/de\/wp-json\/wp\/v2\/pages\/20\/revisions\/1296"}],"wp:attachment":[{"href":"https:\/\/www.formaggiaresu.com\/de\/wp-json\/wp\/v2\/media?parent=20"}],"curies":[{"name":"wp","href":"https:\/\/api.w.org\/{rel}","templated":true}]}}