{"id":159,"date":"2016-06-13T15:20:35","date_gmt":"2016-06-13T13:20:35","guid":{"rendered":"http:\/\/aresu2016.jservice.com\/?page_id=159"},"modified":"2017-04-28T10:31:28","modified_gmt":"2017-04-28T08:31:28","slug":"privacy","status":"publish","type":"page","link":"https:\/\/www.formaggiaresu.com\/de\/privacy\/","title":{"rendered":"Privacy"},"content":{"rendered":"<p><div class=\"fusion-fullwidth fullwidth-box fusion-fullwidth-3  fusion-parallax-none nonhundred-percent-fullwidth\" style=\"border-color:#eae9e9;border-bottom-width: 0px;border-top-width: 0px;border-bottom-style: solid;border-top-style: solid;padding-bottom:20px;padding-top:20px;padding-left:;padding-right:;background-color:rgba(255,255,255,0);\"><style type=\"text\/css\" scoped=\"scoped\">.fusion-fullwidth-3 {\n                            padding-left: px !important;\n                            padding-right: px !important;\n                        }<\/style><div class=\"fusion-row\"><div class=\"fusion-one-full fusion-layout-column fusion-column-last fusion-spacing-yes\" style=\"margin-top:0px;margin-bottom:20px;\"><div class=\"fusion-column-wrapper\"><p><strong>Datenschutzerkl\u00e4rung f\u00fcr die Benutzer dieser Webseite (https:\/\/www.formaggiaresu.com).<\/strong><\/p>\n<p>Auf dieser Seite werden die Verwaltungsmethoden der Internetseite beschrieben, von pers\u00f6nlichen Daten von Kunden und Benutzern, die auf diese Seite zugreifen.<br \/>\nDas Informationsschreiben ist generell, verfasst in \u00dcbereinstimmung mit dem Gesetzesdekret Nr. 196 vom 30. Juni 2003 (\u201eKodex zum Schutz der personenbezogenen Daten\u201c), im Folgenden als das \u201eGesetz\u201c (ehemaliges Gesetz Nr. 675\/1996) f\u00fcr all diejenigen, die diese Webseite benutzen unter: https:\/\/www.formaggiaresu.com<\/p>\n<p>Die Verarbeitung der personenbezogenen Daten wird sich auf Korrektheit, Transparenz und Schutz der pers\u00f6nlichen Vertraulichkeit st\u00fctzen und wird ausdr\u00fccklich dem obengenannten Gesetz folgen.<\/p>\n<p>Die personenbezogenen Daten k\u00f6nnen auch durch eine einfache E-Mail-Versendung an die in der Webseite enthaltenen Adressen der K\u00e4serei Aresu&#038; C.L. srl erworben werden. Sind personenbezogene Daten wie Name, Nachname, Adresse, Telefonnummer und Mobiltelefonnummer in der Unterschrift der Nachricht enthalten, wird die Einwilligung in ihre Verarbeitung als gegeben erachtet. Diese werden in die Informatik-Archive der K\u00e4serei Aresu&#038; C.L. srl aufgenommen werden.<\/p>\n<h2>Inhaber der Verarbeitung<\/h2>\n<p>Durch die Konsultation der Webseite k\u00f6nnen Daten identifizierter oder indentifizierbarer Personen verarbeitet werden. Inhaber der Verarbeitung dieser Daten ist die K\u00e4serei Aresu&#038; C.L. srl, mit Sitz in Z.I. \u201cIs Arenas\u201d ss 387 km 23 Donori (CA).<\/p>\n<h2>Ort und Art der Datenverarbeitung<\/h2>\n<p>Die Verarbeitung der mit der Konsultation der Webseite verbundenen Daten findet in den der Aufsichtsbeh\u00f6rde f\u00fcr den Schutz der personenbezogenen Daten mitgeteilten Niederlassungen der K\u00e4serei Aresu&#038; C.L. srl statt. Sie wird von K\u00e4serei Aresu&#038; C.L. srl beauftragten Drittpersonen durchgef\u00fchrt, welche eigenst\u00e4ndig technische oder organisatorische Aufgaben durchf\u00fchren. Die personenbezogenen Daten werden mit elektronischen oder jedenfalls automatisierten Mitteln verarbeitet.<\/p>\n<h2>Art der verarbeiteten Daten<\/h2>\n<p><strong>Surfdaten <\/strong><br \/>\nDie personenbezogenen Daten werden implizit durch das Surfen auf den verschiedenen Webseiten, von den Informatiksystemen und der Software, welche das Funktionierens dieser Webseite gew\u00e4hrleisten, aufgenommen.<br \/>\nEs handelt sich dabei nicht um Informationen, die aufgenommen werden, um mit identifizierten Personen in Verbindung gebracht zu werden. Sie k\u00f6nnten jedoch infolge eines vorangehenden, ausdr\u00fccklichen Antrags der Justizbeh\u00f6rde aufgrund ihrer Eigenschaften und durch Assoziationen und Ausarbeitungen mit von Dritten besessenen Daten, zur Identifizierung der Benutzer f\u00fchren.<br \/>\nZu dieser Datenkategorie geh\u00f6ren die IP-Adressen oder Domainnamen der Computer der Benutzer, welche die Webseite besuchen, die URI-Adressen (Uniform Resource Identifier) der angefragten Elemente, die Uhrzeit der Anfrage, die Parameter des Operativsystems und der Informatikplattform des Benutzers.<br \/>\nDiese Daten werden von der K\u00e4serei Aresu&#038; C.L. srl nur verwendet, um anonyme, statistische Informationen im Bezug auf den Gebrauch der Webseite zu erlangen und um deren korrektes Funktionieren zu \u00fcberwachen.<\/p>\n<p><strong>Vom Benutzer freiwillig gelieferte Daten <\/strong><br \/>\nDie fakultative, ausdr\u00fcckliche und freiwillige Versendung von E-Mails an die in unserer Webseite angegebenen Adressen, zieht die Aufnahme der gelieferten personenbezogenen Daten, wie zum Beispiel die E-Mail-Adresse des Absenders, mit sich, welche dann von der K\u00e4serei Aresu&#038; C.L. srl benutzt wird, um dem Kunden\/Benutzer zu antworten.<\/p>\n<h2>Cookies<\/h2>\n<p>Keine personenbezogenen Daten werden deswegen von der Webseite aufgenommen. Es werden keine Cookies benutzt, um personenbezogene Informationen zu \u00fcbertragen. Der Gebrauch von \u201cSession-Cookies\u201d (welche nicht dauerhaft auf dem Computer des Benutzers gespeichert werden und mit der Schlie\u00dfung des Browsers verschwinden) beschr\u00e4nkt sich auf die \u00dcbertragung von Session-IDs , welche notwendig sind, um eine sichere und effiziente Konsultierung der Webseite zu gew\u00e4hrleisten.<br \/>\nDie in dieser Webseite benutzten &#8222;Session-Cookies&#8220; erm\u00f6glichen, andere Informatiktechniken zu vermeiden, welche m\u00f6glicherweise die Vertraulichkeit der Surf-Aktivit\u00e4t der Benutzer beeintr\u00e4chtigen k\u00f6nnten und gestatten die Aufnahme von identifizierenden pers\u00f6nlichen Daten des Benutzers nicht.<\/p>\n<h2>Befugnis zur Datenlieferung<\/h2>\n<p>Von den bisher beschriebenen Bestimmungen \u00fcber die Surfdaten abgesehen, kann der Benutzer die von der K\u00e4serei Aresu&#038; C.L. srl von Mal zu Mal angefragten Daten freiwillig liefern. Sollte der Benutzer die Lieferung dieser Daten verweigern, k\u00f6nnte dies dazu f\u00fchren, dass die gew\u00fcnschten Dienstleistungen nicht geliefert werden k\u00f6nnen.<\/p>\n<h2>Sicherheit der Informationen<\/h2>\n<p>Es werden spezifische Sicherheitsma\u00dfnahmen vorgenommen, um den Verlust der Daten, unerlaubte Benutzungen und nicht autorisierte Zutritte zu vermeiden. Wir informieren Sie jedenfalls dar\u00fcber, dass Internet-Kommunikationen wie E-Mails und Webmails durch verschiedene Nationen gehen k\u00f6nnten, bevor sie dem Empf\u00e4nger zugestellt werden. K\u00e4serei Aresu&#038; C.L. srl kann keine Haftung f\u00fcr nicht autorisierten Zutritte oder f\u00fcr Verluste von personenbezogenen Daten, die nicht in ihrer Kontrolle stehen, \u00fcbernehmen.<\/p>\n<h2>Rechte der betroffenen Personen<\/h2>\n<p>Im Sinne des Art. 7 des Datenschutzgesetzes N. 196\/2003 haben die Personen, auf die sich die personenbezogenen Daten beziehen, jederzeit das Recht, \u00fcber ihr Vorhanden- oder Nichtvorhandensein informiert zu werden, ihren Inhalt und Ursprung zu kennen, ihre Exaktheit zu \u00fcberpr\u00fcfen oder ihre Erg\u00e4nzung, Aktualisierung oder Richtigstellung zu verlangen.<br \/>\nAu\u00dferdem kann die L\u00f6schung, die Umwandlung in anonyme Form oder die Blockierung der gesetzeswidrig verarbeiteten Daten verlangt werden und jederzeit kann aus legitimen Gr\u00fcnden ihre Verarbeitung verweigert werden, indem dies der K\u00e4serei Aresu&#038; C.L. srl.schriftlich mitgeteilt wird.<\/p>\n<h2>Verantwortung f\u00fcr die Verarbeitung<\/h2>\n<p>Verantwortlich f\u00fcr die Verarbeitung der personenbezogenen Daten f\u00fcr die K\u00e4serei Aresu&#038; C.L. srl ist Herr Marco Aresu, welcher seine Arbeit im operativen Sitz von der K\u00e4serei Aresu&#038; C.L. srl sita in Z.I. \u201cIs Arenas\u201d ss 387 km 23 Donori (CA), aus\u00fcbt.<br \/>\nDie detaillierte Liste der externen Verantwortlichen f\u00fcr die Verarbeitung der personenbezogenen Daten und der Drittpersonen, welchen diese Kundendaten mitgeteilt werden k\u00f6nnen, steht in den B\u00fcros von der K\u00e4serei Aresu&#038; C.L. srl zur Verf\u00fcgung und kann an der Adresse Z.I. \u201cIs Arenas\u201d ss 387 km 23 Donori (CA), schriftlich beantragt werden.<\/p>\n<p>K\u00e4serei Aresu&#038; C.L. srl beh\u00e4lt sich das Recht vor, die vorliegende Policy Privacy, vor allem aufgrund von eventuellen neuen Branchenbestimmungen, jederzeit ab\u00e4ndern oder berichtigen zu k\u00f6nnen. In diesem Fall treten die \u00c4nderungen 15 Tage nach Ablauf des Ver\u00f6ffentlichungsdatums auf der Webseite in Kraft.<\/p>\n<div class=\"fusion-clearfix\"><\/div><\/div><\/div><div class=\"fusion-clearfix\"><\/div><\/div><\/div><\/p>","protected":false},"excerpt":{"rendered":"","protected":false},"author":1,"featured_media":0,"parent":0,"menu_order":0,"comment_status":"closed","ping_status":"closed","template":"100-width.php","meta":{"footnotes":""},"class_list":["post-159","page","type-page","status-publish","hentry"],"yoast_head":"<!-- This site is optimized with the Yoast SEO plugin v26.8 - https:\/\/yoast.com\/product\/yoast-seo-wordpress\/ -->\n<title>Privacy - Formaggi Aresu<\/title>\n<meta name=\"robots\" content=\"noindex, nofollow\" \/>\n<meta property=\"og:locale\" content=\"de_DE\" \/>\n<meta property=\"og:type\" content=\"article\" \/>\n<meta property=\"og:title\" content=\"Privacy - Formaggi Aresu\" \/>\n<meta property=\"og:url\" content=\"https:\/\/www.formaggiaresu.com\/privacy\/\" \/>\n<meta property=\"og:site_name\" content=\"Formaggi Aresu\" \/>\n<meta property=\"article:modified_time\" content=\"2017-04-28T08:31:28+00:00\" \/>\n<meta name=\"twitter:card\" content=\"summary_large_image\" \/>\n<meta name=\"twitter:label1\" content=\"Gesch\u00e4tzte Lesezeit\" \/>\n\t<meta name=\"twitter:data1\" content=\"16\u00a0Minuten\" \/>\n<script type=\"application\/ld+json\" class=\"yoast-schema-graph\">{\"@context\":\"https:\/\/schema.org\",\"@graph\":[{\"@type\":\"WebPage\",\"@id\":\"https:\/\/www.formaggiaresu.com\/privacy\/\",\"url\":\"https:\/\/www.formaggiaresu.com\/privacy\/\",\"name\":\"Privacy - Formaggi Aresu\",\"isPartOf\":{\"@id\":\"https:\/\/www.formaggiaresu.com\/#website\"},\"datePublished\":\"2016-06-13T13:20:35+00:00\",\"dateModified\":\"2017-04-28T08:31:28+00:00\",\"breadcrumb\":{\"@id\":\"https:\/\/www.formaggiaresu.com\/privacy\/#breadcrumb\"},\"inLanguage\":\"de\",\"potentialAction\":[{\"@type\":\"ReadAction\",\"target\":[\"https:\/\/www.formaggiaresu.com\/privacy\/\"]}]},{\"@type\":\"BreadcrumbList\",\"@id\":\"https:\/\/www.formaggiaresu.com\/privacy\/#breadcrumb\",\"itemListElement\":[{\"@type\":\"ListItem\",\"position\":1,\"name\":\"Home\",\"item\":\"https:\/\/www.formaggiaresu.com\/\"},{\"@type\":\"ListItem\",\"position\":2,\"name\":\"Privacy\"}]},{\"@type\":\"WebSite\",\"@id\":\"https:\/\/www.formaggiaresu.com\/#website\",\"url\":\"https:\/\/www.formaggiaresu.com\/\",\"name\":\"Formaggi Aresu\",\"description\":\"\",\"potentialAction\":[{\"@type\":\"SearchAction\",\"target\":{\"@type\":\"EntryPoint\",\"urlTemplate\":\"https:\/\/www.formaggiaresu.com\/?s={search_term_string}\"},\"query-input\":{\"@type\":\"PropertyValueSpecification\",\"valueRequired\":true,\"valueName\":\"search_term_string\"}}],\"inLanguage\":\"de\"}]}<\/script>\n<!-- \/ Yoast SEO plugin. -->","yoast_head_json":{"title":"Privacy - Formaggi Aresu","robots":{"index":"noindex","follow":"nofollow"},"og_locale":"de_DE","og_type":"article","og_title":"Privacy - Formaggi Aresu","og_url":"https:\/\/www.formaggiaresu.com\/privacy\/","og_site_name":"Formaggi Aresu","article_modified_time":"2017-04-28T08:31:28+00:00","twitter_card":"summary_large_image","twitter_misc":{"Gesch\u00e4tzte Lesezeit":"16\u00a0Minuten"},"schema":{"@context":"https:\/\/schema.org","@graph":[{"@type":"WebPage","@id":"https:\/\/www.formaggiaresu.com\/privacy\/","url":"https:\/\/www.formaggiaresu.com\/privacy\/","name":"Privacy - Formaggi Aresu","isPartOf":{"@id":"https:\/\/www.formaggiaresu.com\/#website"},"datePublished":"2016-06-13T13:20:35+00:00","dateModified":"2017-04-28T08:31:28+00:00","breadcrumb":{"@id":"https:\/\/www.formaggiaresu.com\/privacy\/#breadcrumb"},"inLanguage":"de","potentialAction":[{"@type":"ReadAction","target":["https:\/\/www.formaggiaresu.com\/privacy\/"]}]},{"@type":"BreadcrumbList","@id":"https:\/\/www.formaggiaresu.com\/privacy\/#breadcrumb","itemListElement":[{"@type":"ListItem","position":1,"name":"Home","item":"https:\/\/www.formaggiaresu.com\/"},{"@type":"ListItem","position":2,"name":"Privacy"}]},{"@type":"WebSite","@id":"https:\/\/www.formaggiaresu.com\/#website","url":"https:\/\/www.formaggiaresu.com\/","name":"Formaggi Aresu","description":"","potentialAction":[{"@type":"SearchAction","target":{"@type":"EntryPoint","urlTemplate":"https:\/\/www.formaggiaresu.com\/?s={search_term_string}"},"query-input":{"@type":"PropertyValueSpecification","valueRequired":true,"valueName":"search_term_string"}}],"inLanguage":"de"}]}},"_links":{"self":[{"href":"https:\/\/www.formaggiaresu.com\/de\/wp-json\/wp\/v2\/pages\/159","targetHints":{"allow":["GET"]}}],"collection":[{"href":"https:\/\/www.formaggiaresu.com\/de\/wp-json\/wp\/v2\/pages"}],"about":[{"href":"https:\/\/www.formaggiaresu.com\/de\/wp-json\/wp\/v2\/types\/page"}],"author":[{"embeddable":true,"href":"https:\/\/www.formaggiaresu.com\/de\/wp-json\/wp\/v2\/users\/1"}],"replies":[{"embeddable":true,"href":"https:\/\/www.formaggiaresu.com\/de\/wp-json\/wp\/v2\/comments?post=159"}],"version-history":[{"count":4,"href":"https:\/\/www.formaggiaresu.com\/de\/wp-json\/wp\/v2\/pages\/159\/revisions"}],"predecessor-version":[{"id":1312,"href":"https:\/\/www.formaggiaresu.com\/de\/wp-json\/wp\/v2\/pages\/159\/revisions\/1312"}],"wp:attachment":[{"href":"https:\/\/www.formaggiaresu.com\/de\/wp-json\/wp\/v2\/media?parent=159"}],"curies":[{"name":"wp","href":"https:\/\/api.w.org\/{rel}","templated":true}]}}