{"id":14,"date":"2016-06-09T14:30:25","date_gmt":"2016-06-09T12:30:25","guid":{"rendered":"http:\/\/aresu2016.jservice.com\/?page_id=14"},"modified":"2017-04-27T15:50:31","modified_gmt":"2017-04-27T13:50:31","slug":"la-storia","status":"publish","type":"page","link":"https:\/\/www.formaggiaresu.com\/de\/la-storia\/","title":{"rendered":"Geschichte"},"content":{"rendered":"<p><div class=\"fusion-fullwidth fullwidth-box fusion-fullwidth-9  fusion-parallax-none nonhundred-percent-fullwidth\" style=\"border-color:#eae9e9;border-bottom-width: 0px;border-top-width: 0px;border-bottom-style: solid;border-top-style: solid;padding-bottom:20px;padding-top:40px;padding-left:;padding-right:;background-color:#161004;\"><style type=\"text\/css\" scoped=\"scoped\">.fusion-fullwidth-9 {\n                            padding-left: px !important;\n                            padding-right: px !important;\n                        }<\/style><div class=\"fusion-row\"><div class=\"fusion-title title fusion-title-center fusion-title-size-two stortit\" style=\"margin-top:20px;margin-bottom:20px;\"><div class=\"title-sep-container title-sep-container-left\"><div class=\"title-sep sep-single\"><\/div><\/div><h2 class=\"title-heading-center\"><span style=\"text-align: center; color: #dd8b3b; font-size: 23px;\">Die Geschichte lehrt uns, dass es bereits in der Vergangenheit Zukunft gibt.<br \/>\nDie Aresu Familie ist mit der Erinnerung an die Arbeit der Vergangenheit<br \/>\naufgewachsen,hat diese verbessert und Innovationen an ihr vorgenommen.<br \/>\n<\/span><\/h2><div class=\"title-sep-container title-sep-container-right\"><div class=\"title-sep sep-single\"><\/div><\/div><\/div><\/div><\/div><div class=\"fusion-bg-parallax\" data-bg-align=\"left center\" data-direction=\"up\" data-mute=\"yes\" data-opacity=\"100\" data-velocity=\"-0.3\" data-mobile-enabled=\"false\" data-break-parents=\"0\" data-bg-image=\"https:\/\/www.formaggiaresu.com\/wp-content\/uploads\/2016\/06\/riga1_storia_sfondo.jpg\" data-bg-repeat=\"false\"><\/div><div class=\"fusion-fullwidth fullwidth-box fusion-fullwidth-10  fusion-parallax-up nonhundred-percent-fullwidth\" style=\"border-color:#eae9e9;border-bottom-width: 0px;border-top-width: 0px;border-bottom-style: solid;border-top-style: solid;padding-bottom:20px;padding-top:20px;padding-left:;padding-right:;\"><style type=\"text\/css\" scoped=\"scoped\">.fusion-fullwidth-10 {\n                            padding-left: px !important;\n                            padding-right: px !important;\n                        }<\/style><div class=\"fusion-row\"><div class=\"fusion-one-half fusion-layout-column fusion-spacing-yes bianco\" style=\"margin-top:0px;margin-bottom:20px;\"><div class=\"fusion-column-wrapper\"><div class=\"fusion-sep-clear\"><\/div><div class=\"fusion-separator fusion-full-width-sep sep-none\" style=\"border-color:#e0dede;margin-left: auto;margin-right: auto;margin-top:100px;\"><\/div><div class=\"fusion-title title sep-underline sep-solid fusion-title-size-two\" style=\"margin-top:0px;margin-bottom:31px;\"><h2 class=\"title-heading-left\">Die Aresu Familie<\/h2><\/div><p>Wir befinden uns Mitte des zwanzigsten Jahrhunderts als die Aresu\/Corona Familie anf\u00e4ngt K\u00e4se in Sardinien herzustellen. Es waren die Nachkriegsjahre, Italien und Sardinien befanden sich im Aufbau und da es noch keine K\u00fchlkette gab, lag es an der Aresu Familie, vor allem an Oma Assunte, sich der t\u00e4glichen Milchverarbeitung anzunehmen. Die Milch wurde in den H\u00fcgeln von Donori hergestellt, einem kleinen Dorf im S\u00fcden der Insel.<\/p>\n<div class=\"fusion-sep-clear\"><\/div><div class=\"fusion-separator fusion-full-width-sep sep-none\" style=\"border-color:#e0dede;margin-left: auto;margin-right: auto;margin-top:;margin-bottom:80px;\"><\/div><div class=\"fusion-clearfix\"><\/div><\/div><\/div><div class=\"fusion-one-half fusion-layout-column fusion-column-last fusion-spacing-yes\" style=\"margin-top:0px;margin-bottom:20px;\"><div class=\"fusion-column-wrapper\"><div class=\"fusion-clearfix\"><\/div><\/div><\/div><div class=\"fusion-clearfix\"><\/div><\/div><\/div><div class=\"fusion-bg-parallax\" data-bg-align=\"left top\" data-direction=\"right\" data-mute=\"yes\" data-opacity=\"100\" data-velocity=\"-0.3\" data-mobile-enabled=\"false\" data-break-parents=\"0\" data-bg-image=\"https:\/\/www.formaggiaresu.com\/wp-content\/uploads\/2016\/06\/header_storia.jpg\" data-bg-repeat=\"false\"><\/div><div class=\"fusion-fullwidth fullwidth-box fusion-fullwidth-11  fusion-parallax-right nonhundred-percent-fullwidth\" style=\"border-color:#eae9e9;border-bottom-width: 0px;border-top-width: 0px;border-bottom-style: solid;border-top-style: solid;padding-bottom:20px;padding-top:20px;padding-left:;padding-right:;\"><style type=\"text\/css\" scoped=\"scoped\">.fusion-fullwidth-11 {\n                            padding-left: px !important;\n                            padding-right: px !important;\n                        }<\/style><div class=\"fusion-row\"><div class=\"fusion-one-half fusion-layout-column fusion-spacing-yes\" style=\"margin-top:0px;margin-bottom:20px;\"><div class=\"fusion-column-wrapper\"><div class=\"fusion-clearfix\"><\/div><\/div><\/div><div class=\"fusion-one-half fusion-layout-column fusion-column-last fusion-spacing-yes bianco\" style=\"margin-top:0px;margin-bottom:20px;\"><div class=\"fusion-column-wrapper\"><div class=\"fusion-sep-clear\"><\/div><div class=\"fusion-separator fusion-full-width-sep sep-none\" style=\"border-color:#e0dede;margin-left: auto;margin-right: auto;margin-top:100px;\"><\/div><div class=\"fusion-title title sep-underline sep-solid fusion-title-size-two\" style=\"margin-top:0px;margin-bottom:31px;\"><h2 class=\"title-heading-left\">Der Wert der Geschichte&#8230;<\/h2><\/div><p><span style=\"color: #fff;\">Als die Sch\u00e4fer noch per Hand molken und die Milch auf dem R\u00fccken des Pferdes ins Dorf transportiert wurde und manchmal auch im Sattel eines Esels. Die Produktion fing damit an, die Rohmilch auf einem Holzfeuer zu erw\u00e4rmen, der frisch hergestellte K\u00e4se wurde in grobe Aluminiumformen gef\u00fcllt, dann auf den Stein gelegt im K\u00fchlen des Kellers. Die ersten Lieferungen wurden mit der Dampflock get\u00e4tigt, die Schiffe brauchten einen ganzen Tag, um Sardinien mit dem Rest Italiens zu verbinden.<\/span><\/p>\n<div class=\"fusion-sep-clear\"><\/div><div class=\"fusion-separator fusion-full-width-sep sep-none\" style=\"border-color:#e0dede;margin-left: auto;margin-right: auto;margin-top:;margin-bottom:80px;\"><\/div><div class=\"fusion-clearfix\"><\/div><\/div><\/div><div class=\"fusion-clearfix\"><\/div><\/div><\/div><div class=\"fusion-bg-parallax\" data-bg-align=\"center center\" data-direction=\"up\" data-mute=\"yes\" data-opacity=\"100\" data-velocity=\"-0.3\" data-mobile-enabled=\"false\" data-break-parents=\"0\" data-bg-image=\"https:\/\/www.formaggiaresu.com\/wp-content\/uploads\/2016\/06\/sfondo_storia_3.jpg\" data-bg-repeat=\"false\"><\/div><div class=\"fusion-fullwidth fullwidth-box fusion-fullwidth-12  fusion-parallax-up nonhundred-percent-fullwidth\" style=\"border-color:#eae9e9;border-bottom-width: 0px;border-top-width: 0px;border-bottom-style: solid;border-top-style: solid;padding-bottom:20px;padding-top:20px;padding-left:;padding-right:;\"><style type=\"text\/css\" scoped=\"scoped\">.fusion-fullwidth-12 {\n                            padding-left: px !important;\n                            padding-right: px !important;\n                        }<\/style><div class=\"fusion-row\"><div class=\"fusion-one-half fusion-layout-column fusion-spacing-yes nero\" style=\"margin-top:0px;margin-bottom:20px;\"><div class=\"fusion-column-wrapper\"><div class=\"fusion-sep-clear\"><\/div><div class=\"fusion-separator fusion-full-width-sep sep-none\" style=\"border-color:#e0dede;margin-left: auto;margin-right: auto;margin-top:100px;\"><\/div><div class=\"fusion-title title sep-underline sep-solid fusion-title-size-two\" style=\"margin-top:0px;margin-bottom:31px;\"><h2 class=\"title-heading-left\">Seitdem hat sich alles ver\u00e4ndert,<br \/>\nnur nicht wir&#8230;<\/h2><\/div><p>&#8230;weil heute immer noch die Aresu Familie die Produktion \u00fcberwacht und bei ihr mitwirkt<br \/>\nund sich pers\u00f6nlich um die Auswahl der geeigneten Zutaten f\u00fcr die Produktion eines gro\u00dfartigen sardischen<br \/>\nK\u00e4ses k\u00fcmmert, ohne dabei zu vergessen wie alles seinen Anfang nahm.<\/p>\n<div class=\"fusion-sep-clear\"><\/div><div class=\"fusion-separator fusion-full-width-sep sep-none\" style=\"border-color:#e0dede;margin-left: auto;margin-right: auto;margin-top:;margin-bottom:80px;\"><\/div><div class=\"fusion-clearfix\"><\/div><\/div><\/div><div class=\"fusion-one-half fusion-layout-column fusion-column-last fusion-spacing-yes\" style=\"margin-top:0px;margin-bottom:20px;\"><div class=\"fusion-column-wrapper\"><div class=\"fusion-clearfix\"><\/div><\/div><\/div><div class=\"fusion-clearfix\"><\/div><\/div><\/div><\/p>","protected":false},"excerpt":{"rendered":"","protected":false},"author":1,"featured_media":0,"parent":0,"menu_order":0,"comment_status":"closed","ping_status":"closed","template":"100-width.php","meta":{"footnotes":""},"class_list":["post-14","page","type-page","status-publish","hentry"],"yoast_head":"<!-- This site is optimized with the Yoast SEO plugin v26.8 - https:\/\/yoast.com\/product\/yoast-seo-wordpress\/ -->\n<title>Aresu Oltre 70 anni di passione per il formaggio<\/title>\n<meta name=\"description\" content=\"Caseificio Aresu un&#039;azienda che produce formaggi Sardi da oltre 70 anni, la storia dei nostri formaggi fa parte del nostro background aziendale.\" \/>\n<meta name=\"robots\" content=\"index, follow, max-snippet:-1, max-image-preview:large, max-video-preview:-1\" \/>\n<link rel=\"canonical\" href=\"https:\/\/www.formaggiaresu.com\/la-storia\/\" \/>\n<meta property=\"og:locale\" content=\"de_DE\" \/>\n<meta property=\"og:type\" content=\"article\" \/>\n<meta property=\"og:title\" content=\"Aresu Oltre 70 anni di passione per il formaggio\" \/>\n<meta property=\"og:description\" content=\"Caseificio Aresu un&#039;azienda che produce formaggi Sardi da oltre 70 anni, la storia dei nostri formaggi fa parte del nostro background aziendale.\" \/>\n<meta property=\"og:url\" content=\"https:\/\/www.formaggiaresu.com\/la-storia\/\" \/>\n<meta property=\"og:site_name\" content=\"Formaggi Aresu\" \/>\n<meta property=\"article:modified_time\" content=\"2017-04-27T13:50:31+00:00\" \/>\n<meta name=\"twitter:card\" content=\"summary_large_image\" \/>\n<meta name=\"twitter:label1\" content=\"Gesch\u00e4tzte Lesezeit\" \/>\n\t<meta name=\"twitter:data1\" content=\"17\u00a0Minuten\" \/>\n<script type=\"application\/ld+json\" class=\"yoast-schema-graph\">{\"@context\":\"https:\/\/schema.org\",\"@graph\":[{\"@type\":\"WebPage\",\"@id\":\"https:\/\/www.formaggiaresu.com\/la-storia\/\",\"url\":\"https:\/\/www.formaggiaresu.com\/la-storia\/\",\"name\":\"Aresu Oltre 70 anni di passione per il formaggio\",\"isPartOf\":{\"@id\":\"https:\/\/www.formaggiaresu.com\/#website\"},\"datePublished\":\"2016-06-09T12:30:25+00:00\",\"dateModified\":\"2017-04-27T13:50:31+00:00\",\"description\":\"Caseificio Aresu un'azienda che produce formaggi Sardi da oltre 70 anni, la storia dei nostri formaggi fa parte del nostro background aziendale.\",\"breadcrumb\":{\"@id\":\"https:\/\/www.formaggiaresu.com\/la-storia\/#breadcrumb\"},\"inLanguage\":\"de\",\"potentialAction\":[{\"@type\":\"ReadAction\",\"target\":[\"https:\/\/www.formaggiaresu.com\/la-storia\/\"]}]},{\"@type\":\"BreadcrumbList\",\"@id\":\"https:\/\/www.formaggiaresu.com\/la-storia\/#breadcrumb\",\"itemListElement\":[{\"@type\":\"ListItem\",\"position\":1,\"name\":\"Home\",\"item\":\"https:\/\/www.formaggiaresu.com\/\"},{\"@type\":\"ListItem\",\"position\":2,\"name\":\"La storia\"}]},{\"@type\":\"WebSite\",\"@id\":\"https:\/\/www.formaggiaresu.com\/#website\",\"url\":\"https:\/\/www.formaggiaresu.com\/\",\"name\":\"Formaggi Aresu\",\"description\":\"\",\"potentialAction\":[{\"@type\":\"SearchAction\",\"target\":{\"@type\":\"EntryPoint\",\"urlTemplate\":\"https:\/\/www.formaggiaresu.com\/?s={search_term_string}\"},\"query-input\":{\"@type\":\"PropertyValueSpecification\",\"valueRequired\":true,\"valueName\":\"search_term_string\"}}],\"inLanguage\":\"de\"}]}<\/script>\n<!-- \/ Yoast SEO plugin. -->","yoast_head_json":{"title":"Aresu Oltre 70 anni di passione per il formaggio","description":"Caseificio Aresu un'azienda che produce formaggi Sardi da oltre 70 anni, la storia dei nostri formaggi fa parte del nostro background aziendale.","robots":{"index":"index","follow":"follow","max-snippet":"max-snippet:-1","max-image-preview":"max-image-preview:large","max-video-preview":"max-video-preview:-1"},"canonical":"https:\/\/www.formaggiaresu.com\/la-storia\/","og_locale":"de_DE","og_type":"article","og_title":"Aresu Oltre 70 anni di passione per il formaggio","og_description":"Caseificio Aresu un'azienda che produce formaggi Sardi da oltre 70 anni, la storia dei nostri formaggi fa parte del nostro background aziendale.","og_url":"https:\/\/www.formaggiaresu.com\/la-storia\/","og_site_name":"Formaggi Aresu","article_modified_time":"2017-04-27T13:50:31+00:00","twitter_card":"summary_large_image","twitter_misc":{"Gesch\u00e4tzte Lesezeit":"17\u00a0Minuten"},"schema":{"@context":"https:\/\/schema.org","@graph":[{"@type":"WebPage","@id":"https:\/\/www.formaggiaresu.com\/la-storia\/","url":"https:\/\/www.formaggiaresu.com\/la-storia\/","name":"Aresu Oltre 70 anni di passione per il formaggio","isPartOf":{"@id":"https:\/\/www.formaggiaresu.com\/#website"},"datePublished":"2016-06-09T12:30:25+00:00","dateModified":"2017-04-27T13:50:31+00:00","description":"Caseificio Aresu un'azienda che produce formaggi Sardi da oltre 70 anni, la storia dei nostri formaggi fa parte del nostro background aziendale.","breadcrumb":{"@id":"https:\/\/www.formaggiaresu.com\/la-storia\/#breadcrumb"},"inLanguage":"de","potentialAction":[{"@type":"ReadAction","target":["https:\/\/www.formaggiaresu.com\/la-storia\/"]}]},{"@type":"BreadcrumbList","@id":"https:\/\/www.formaggiaresu.com\/la-storia\/#breadcrumb","itemListElement":[{"@type":"ListItem","position":1,"name":"Home","item":"https:\/\/www.formaggiaresu.com\/"},{"@type":"ListItem","position":2,"name":"La storia"}]},{"@type":"WebSite","@id":"https:\/\/www.formaggiaresu.com\/#website","url":"https:\/\/www.formaggiaresu.com\/","name":"Formaggi Aresu","description":"","potentialAction":[{"@type":"SearchAction","target":{"@type":"EntryPoint","urlTemplate":"https:\/\/www.formaggiaresu.com\/?s={search_term_string}"},"query-input":{"@type":"PropertyValueSpecification","valueRequired":true,"valueName":"search_term_string"}}],"inLanguage":"de"}]}},"_links":{"self":[{"href":"https:\/\/www.formaggiaresu.com\/de\/wp-json\/wp\/v2\/pages\/14","targetHints":{"allow":["GET"]}}],"collection":[{"href":"https:\/\/www.formaggiaresu.com\/de\/wp-json\/wp\/v2\/pages"}],"about":[{"href":"https:\/\/www.formaggiaresu.com\/de\/wp-json\/wp\/v2\/types\/page"}],"author":[{"embeddable":true,"href":"https:\/\/www.formaggiaresu.com\/de\/wp-json\/wp\/v2\/users\/1"}],"replies":[{"embeddable":true,"href":"https:\/\/www.formaggiaresu.com\/de\/wp-json\/wp\/v2\/comments?post=14"}],"version-history":[{"count":55,"href":"https:\/\/www.formaggiaresu.com\/de\/wp-json\/wp\/v2\/pages\/14\/revisions"}],"predecessor-version":[{"id":1300,"href":"https:\/\/www.formaggiaresu.com\/de\/wp-json\/wp\/v2\/pages\/14\/revisions\/1300"}],"wp:attachment":[{"href":"https:\/\/www.formaggiaresu.com\/de\/wp-json\/wp\/v2\/media?parent=14"}],"curies":[{"name":"wp","href":"https:\/\/api.w.org\/{rel}","templated":true}]}}