{"id":12,"date":"2016-06-09T14:29:52","date_gmt":"2016-06-09T12:29:52","guid":{"rendered":"http:\/\/aresu2016.jservice.com\/?page_id=12"},"modified":"2017-04-27T16:06:43","modified_gmt":"2017-04-27T14:06:43","slug":"azienda","status":"publish","type":"page","link":"https:\/\/www.formaggiaresu.com\/de\/azienda\/","title":{"rendered":"Unternehmen"},"content":{"rendered":"<p><div class=\"fusion-fullwidth fullwidth-box fusion-fullwidth-15  fusion-parallax-none nonhundred-percent-fullwidth\" style=\"border-color:#eae9e9;border-bottom-width: 0px;border-top-width: 0px;border-bottom-style: solid;border-top-style: solid;padding-bottom:80px;padding-top:20px;padding-left:;padding-right:;background-color:rgba(255,255,255,0);\"><style type=\"text\/css\" scoped=\"scoped\">.fusion-fullwidth-15 {\n                            padding-left: px !important;\n                            padding-right: px !important;\n                        }<\/style><div class=\"fusion-row\"><div class=\"fusion-title title fusion-title-center fusion-title-size-two\" style=\"margin-top:20px;margin-bottom:20px;\"><div class=\"title-sep-container title-sep-container-left\"><div class=\"title-sep sep-single\"><\/div><\/div><h2 class=\"title-heading-center\"><span style=\"text-align: center; color: #dd8b3b; font-size: 23px; line-height: 33px;\">Es hat fast den Anschein einer modernen Lebensmittelindustrie.<br \/>\n500.000 verkaufte St\u00fccke jedes Jahr.<br \/>\nDas ist unser Unternehmen.<\/span><\/h2><div class=\"title-sep-container title-sep-container-right\"><div class=\"title-sep sep-single\"><\/div><\/div><\/div><\/div><\/div><div class=\"fusion-bg-parallax\" data-bg-align=\"center top\" data-direction=\"left\" data-mute=\"yes\" data-opacity=\"100\" data-velocity=\"-0.3\" data-mobile-enabled=\"false\" data-break-parents=\"0\" data-bg-image=\"https:\/\/www.formaggiaresu.com\/wp-content\/uploads\/2016\/06\/Visual1_Sezione_AZIENDA.jpg\" data-bg-repeat=\"false\"><\/div><div class=\"fusion-fullwidth fullwidth-box fusion-fullwidth-16  fusion-parallax-left nonhundred-percent-fullwidth mattoni\" style=\"border-color:#eae9e9;border-bottom-width: 0px;border-top-width: 0px;border-bottom-style: solid;border-top-style: solid;padding-bottom:0px;padding-top:0px;padding-left:;padding-right:;\"><style type=\"text\/css\" scoped=\"scoped\">.fusion-fullwidth-16 {\n                            padding-left: px !important;\n                            padding-right: px !important;\n                        }<\/style><div class=\"fusion-row\"><div class=\"fusion-one-half fusion-layout-column fusion-spacing-yes\" style=\"margin-top:0px;margin-bottom:20px;\"><div class=\"fusion-column-wrapper\"><div class=\"fusion-clearfix\"><\/div><\/div><\/div><div class=\"fusion-one-half fusion-layout-column fusion-column-last fusion-spacing-yes rigatesto\" style=\"margin-top:0px;margin-bottom:0px;\"><div class=\"fusion-column-wrapper\"><div class=\"fusion-sep-clear\"><\/div><div class=\"fusion-separator fusion-full-width-sep sep-none\" style=\"border-color:#e0dede;margin-left: auto;margin-right: auto;margin-top:90px;\"><\/div><div class=\"fusion-title title fusion-sep-none fusion-title-size-two bianco\" style=\"margin-top:0px;margin-bottom:15px;\"><h2 class=\"title-heading-left\">EIN HAUS AUS ZIEGELSTEINEN<\/h2><\/div><p>Anstatt synthetische Isolierplatten zu verwenden, reifen die Aresu K\u00e4sest\u00fccke in Mauerzellen aus Ziegelstein, die eine nat\u00fcrliche Atmung und einen konstanten Luftaustausch gew\u00e4hren, obgleich die Aufreichterhaltung der Zellen in den Mauersteinen teurer ist.<\/p>\n<div class=\"fusion-sep-clear\"><\/div><div class=\"fusion-separator fusion-full-width-sep sep-none\" style=\"border-color:#e0dede;margin-left: auto;margin-right: auto;margin-top:90px;\"><\/div><div class=\"fusion-clearfix\"><\/div><\/div><\/div><div class=\"fusion-clearfix\"><\/div><\/div><\/div><div class=\"fusion-bg-parallax\" data-bg-align=\"center top\" data-direction=\"right\" data-mute=\"yes\" data-opacity=\"100\" data-velocity=\"-0.3\" data-mobile-enabled=\"false\" data-break-parents=\"0\" data-bg-image=\"https:\/\/www.formaggiaresu.com\/wp-content\/uploads\/2016\/06\/Visual2_Sezione_AZIENDA.jpg\" data-bg-repeat=\"false\"><\/div><div class=\"fusion-fullwidth fullwidth-box fusion-fullwidth-17  fusion-parallax-right nonhundred-percent-fullwidth legna\" style=\"border-color:#eae9e9;border-bottom-width: 0px;border-top-width: 0px;border-bottom-style: solid;border-top-style: solid;padding-bottom:10px;padding-top:10px;padding-left:;padding-right:;\"><style type=\"text\/css\" scoped=\"scoped\">.fusion-fullwidth-17 {\n                            padding-left: px !important;\n                            padding-right: px !important;\n                        }<\/style><div class=\"fusion-row\"><div class=\"fusion-one-half fusion-layout-column fusion-spacing-yes rigatesto\" style=\"margin-top:0px;margin-bottom:0px;\"><div class=\"fusion-column-wrapper\"><div class=\"fusion-sep-clear\"><\/div><div class=\"fusion-separator fusion-full-width-sep sep-none\" style=\"border-color:#e0dede;margin-left: auto;margin-right: auto;margin-top:100px;\"><\/div><div class=\"fusion-title title fusion-sep-none fusion-title-size-two bianco\" style=\"margin-top:0px;margin-bottom:15px;\"><h2 class=\"title-heading-left\">ECHTES HOLZ<\/h2><\/div><p>Die Reifung erfolgt auf Brettern aus Tannenmassivholz, die den K\u00e4se auf nat\u00fcrliche Weise \u201eatmen\u201c lassen, obgleich die Instandhaltung von Plastikbrettern leichter ist.<\/p>\n<div class=\"fusion-sep-clear\"><\/div><div class=\"fusion-separator fusion-full-width-sep sep-none\" style=\"border-color:#e0dede;margin-left: auto;margin-right: auto;margin-top:100px;\"><\/div><div class=\"fusion-clearfix\"><\/div><\/div><\/div><div class=\"fusion-one-half fusion-layout-column fusion-column-last fusion-spacing-yes\" style=\"margin-top:0px;margin-bottom:20px;\"><div class=\"fusion-column-wrapper\"><div class=\"fusion-clearfix\"><\/div><\/div><\/div><div class=\"fusion-clearfix\"><\/div><\/div><\/div><div class=\"fusion-bg-parallax\" data-bg-align=\"center top\" data-direction=\"left\" data-mute=\"yes\" data-opacity=\"100\" data-velocity=\"-0.3\" data-mobile-enabled=\"false\" data-break-parents=\"0\" data-bg-image=\"https:\/\/www.formaggiaresu.com\/wp-content\/uploads\/2016\/06\/Visual3_Sezione_AZIENDA-1.jpg\" data-bg-repeat=\"false\"><\/div><div class=\"fusion-fullwidth fullwidth-box fusion-fullwidth-18  fusion-parallax-left nonhundred-percent-fullwidth sale\" style=\"border-color:#eae9e9;border-bottom-width: 0px;border-top-width: 0px;border-bottom-style: solid;border-top-style: solid;padding-bottom:30px;padding-top:0px;padding-left:;padding-right:;\"><style type=\"text\/css\" scoped=\"scoped\">.fusion-fullwidth-18 {\n                            padding-left: px !important;\n                            padding-right: px !important;\n                        }<\/style><div class=\"fusion-row\"><div class=\"fusion-one-half fusion-layout-column fusion-spacing-yes\" style=\"margin-top:0px;margin-bottom:20px;\"><div class=\"fusion-column-wrapper\"><div class=\"fusion-clearfix\"><\/div><\/div><\/div><div class=\"fusion-one-half fusion-layout-column fusion-column-last fusion-spacing-yes rigatesto\" style=\"margin-top:0px;margin-bottom:0px;\"><div class=\"fusion-column-wrapper\"><div class=\"fusion-sep-clear\"><\/div><div class=\"fusion-separator fusion-full-width-sep sep-none\" style=\"border-color:#e0dede;margin-left: auto;margin-right: auto;margin-top:100px;\"><\/div><div class=\"fusion-title title fusion-sep-none fusion-title-size-two bianco\" style=\"margin-top:0px;margin-bottom:15px;\"><h2 class=\"title-heading-left\">MEERESSALZ<br \/>\nAUS SARDIENEN<\/h2><\/div><p>Die Einsalzung erfolgt mit Meeressaltz aus Sardienen; ein sardisches Prudukt, unverf\u00e4lscht, daf\u00fcr umso teurer.<\/p>\n<div class=\"fusion-sep-clear\"><\/div><div class=\"fusion-separator fusion-full-width-sep sep-none\" style=\"border-color:#e0dede;margin-left: auto;margin-right: auto;margin-top:100px;\"><\/div><div class=\"fusion-clearfix\"><\/div><\/div><\/div><div class=\"fusion-clearfix\"><\/div><\/div><\/div><div class=\"fusion-bg-parallax\" data-bg-align=\"center top\" data-direction=\"right\" data-mute=\"yes\" data-opacity=\"100\" data-velocity=\"-0.3\" data-mobile-enabled=\"false\" data-break-parents=\"0\" data-bg-image=\"https:\/\/www.formaggiaresu.com\/wp-content\/uploads\/2016\/06\/Visual4_Sezione_AZIENDA.jpg\" data-bg-repeat=\"false\"><\/div><div class=\"fusion-fullwidth fullwidth-box fusion-fullwidth-19  fusion-parallax-right nonhundred-percent-fullwidth caglio\" style=\"border-color:#eae9e9;border-bottom-width: 0px;border-top-width: 0px;border-bottom-style: solid;border-top-style: solid;padding-bottom:0px;padding-top:0px;padding-left:;padding-right:;\"><style type=\"text\/css\" scoped=\"scoped\">.fusion-fullwidth-19 {\n                            padding-left: px !important;\n                            padding-right: px !important;\n                        }<\/style><div class=\"fusion-row\"><div class=\"fusion-one-half fusion-layout-column fusion-spacing-yes rigatesto\" style=\"margin-top:0px;margin-bottom:0px;\"><div class=\"fusion-column-wrapper\"><div class=\"fusion-sep-clear\"><\/div><div class=\"fusion-separator fusion-full-width-sep sep-none\" style=\"border-color:#e0dede;margin-left: auto;margin-right: auto;margin-top:90px;\"><\/div><div class=\"fusion-title title fusion-sep-none fusion-title-size-two bianco\" style=\"margin-top:0px;margin-bottom:15px;\"><h2 class=\"title-heading-left\">GERINNUNG IN SARDISCHER LAMMLABPASTE<br \/>\n(GESCH\u00dcTZTE GEOGRAPHISCHE ANGABE)<\/h2><\/div><p>So wie es die Tradition vorgibt, werden einige K\u00e4searten mit Lammlabpaste produziert, von Tieren, die in Sardienen geboren und aufgewachsen sind. Nat\u00fcrlich mit dem g.g.A. Zertifikat (gesch\u00fctzte Herkunftsbezeichnung).<\/p>\n<div class=\"fusion-sep-clear\"><\/div><div class=\"fusion-separator fusion-full-width-sep sep-none\" style=\"border-color:#e0dede;margin-left: auto;margin-right: auto;margin-top:90px;\"><\/div><div class=\"fusion-clearfix\"><\/div><\/div><\/div><div class=\"fusion-one-half fusion-layout-column fusion-column-last fusion-spacing-yes\" style=\"margin-top:0px;margin-bottom:20px;\"><div class=\"fusion-column-wrapper\"><div class=\"fusion-clearfix\"><\/div><\/div><\/div><div class=\"fusion-clearfix\"><\/div><\/div><\/div><div class=\"fusion-fullwidth fullwidth-box fusion-fullwidth-20  fusion-parallax-none nonhundred-percent-fullwidth certi\" style=\"border-color:#eae9e9;border-bottom-width: 0px;border-top-width: 0px;border-bottom-style: solid;border-top-style: solid;padding-bottom:10px;padding-top:10px;padding-left:;padding-right:;background-color:transparent;background-position:center center;background-repeat:no-repeat;-webkit-background-size:cover;-moz-background-size:cover;-o-background-size:cover;background-size:cover;-ms-filter: &quot;progid:DXImageTransform.Microsoft.AlphaImageLoader(src=&#039;https:\/\/www.formaggiaresu.com\/wp-content\/uploads\/2016\/06\/sfondo.png&#039;, sizingMethod=&#039;scale&#039;)&quot;;background-image: url(https:\/\/www.formaggiaresu.com\/wp-content\/uploads\/2016\/06\/sfondo.png);\"><style type=\"text\/css\" scoped=\"scoped\">.fusion-fullwidth-20 {\n                            padding-left: px !important;\n                            padding-right: px !important;\n                        }<\/style><div class=\"fusion-row\"><div class=\"fusion-one-half fusion-layout-column fusion-spacing-yes\" style=\"margin-top:0px;margin-bottom:20px;\"><div class=\"fusion-column-wrapper\"><div class=\"fusion-clearfix\"><\/div><\/div><\/div><div class=\"fusion-one-half fusion-layout-column fusion-column-last fusion-spacing-yes rigatesto\" style=\"margin-top:0px;margin-bottom:0px;\"><div class=\"fusion-column-wrapper\"><div class=\"fusion-sep-clear\"><\/div><div class=\"fusion-separator fusion-full-width-sep sep-none\" style=\"border-color:#e0dede;margin-left: auto;margin-right: auto;margin-top:100px;\"><\/div><div class=\"fusion-title title fusion-sep-none fusion-title-size-two bianco\" style=\"margin-top:0px;margin-bottom:15px;\"><h2 class=\"title-heading-left\">FLEXIBEL, ZERTIFIZIERT, INTERNATIONAL<\/h2><\/div><p>In Anpassung an das Marktgeschehen wird die Produktpalette regelm\u00e4\u00dfig aktualisiert, um den  unterschiedlichsten Anforderungen gerecht zu werden.<\/p>\n<div class=\"fusion-sep-clear\"><\/div><div class=\"fusion-separator fusion-full-width-sep sep-none\" style=\"border-color:#e0dede;margin-left: auto;margin-right: auto;margin-top:100px;\"><\/div><div class=\"fusion-clearfix\"><\/div><\/div><\/div><div class=\"fusion-clearfix\"><\/div><\/div><\/div><div class=\"fusion-bg-parallax\" data-bg-align=\"center top\" data-direction=\"right\" data-mute=\"yes\" data-opacity=\"100\" data-velocity=\"-0.3\" data-mobile-enabled=\"false\" data-break-parents=\"0\" data-bg-image=\"https:\/\/www.formaggiaresu.com\/wp-content\/uploads\/2016\/06\/Visual6_Sezione_AZIENDA.jpg\" data-bg-repeat=\"false\"><\/div><div class=\"fusion-fullwidth fullwidth-box fusion-fullwidth-21  fusion-parallax-right nonhundred-percent-fullwidth affi\" style=\"border-color:#eae9e9;border-bottom-width: 0px;border-top-width: 0px;border-bottom-style: solid;border-top-style: solid;padding-bottom:10px;padding-top:10px;padding-left:;padding-right:;\"><style type=\"text\/css\" scoped=\"scoped\">.fusion-fullwidth-21 {\n                            padding-left: px !important;\n                            padding-right: px !important;\n                        }<\/style><div class=\"fusion-row\"><div class=\"fusion-one-half fusion-layout-column fusion-spacing-yes rigatesto\" style=\"margin-top:0px;margin-bottom:0px;\"><div class=\"fusion-column-wrapper\"><div class=\"fusion-sep-clear\"><\/div><div class=\"fusion-separator fusion-full-width-sep sep-none\" style=\"border-color:#e0dede;margin-left: auto;margin-right: auto;margin-top:100px;\"><\/div><div class=\"fusion-title title fusion-sep-none fusion-title-size-two bianco\" style=\"margin-top:0px;margin-bottom:15px;\"><h2 class=\"title-heading-left\">VERTRAUENSW\u00dcRDIG, DYNAMISCH<\/h2><\/div><p>Zustellung in ganz Europa mit internationalen Lieferpartnern in max 4\\5 Tagen, innerhalb des italienischen Territoriums in 48-72 Stunden lieferbar, mit Temperaturkontrolle. Unsere Professionalit\u00e4t f\u00fcr dein Business.<\/p>\n<div class=\"fusion-sep-clear\"><\/div><div class=\"fusion-separator fusion-full-width-sep sep-none\" style=\"border-color:#e0dede;margin-left: auto;margin-right: auto;margin-top:100px;\"><\/div><div class=\"fusion-clearfix\"><\/div><\/div><\/div><div class=\"fusion-one-half fusion-layout-column fusion-column-last fusion-spacing-yes\" style=\"margin-top:0px;margin-bottom:20px;\"><div class=\"fusion-column-wrapper\"><div class=\"fusion-clearfix\"><\/div><\/div><\/div><div class=\"fusion-clearfix\"><\/div><\/div><\/div><\/p>","protected":false},"excerpt":{"rendered":"","protected":false},"author":1,"featured_media":0,"parent":0,"menu_order":0,"comment_status":"closed","ping_status":"closed","template":"100-width.php","meta":{"footnotes":""},"class_list":["post-12","page","type-page","status-publish","hentry"],"yoast_head":"<!-- This site is optimized with the Yoast SEO plugin v26.8 - https:\/\/yoast.com\/product\/yoast-seo-wordpress\/ -->\n<title>Aresu produciamo Formaggi Sardi di qualit\u00e0<\/title>\n<meta name=\"description\" content=\"Formaggi Aresu, produzione e vendita di formaggi Sardi con certificazioni di Processo ISO 9001 con consegna in tutta Europa.\" \/>\n<meta name=\"robots\" content=\"index, follow, max-snippet:-1, max-image-preview:large, max-video-preview:-1\" \/>\n<link rel=\"canonical\" href=\"https:\/\/www.formaggiaresu.com\/en\/azienda\/\" \/>\n<meta property=\"og:locale\" content=\"de_DE\" \/>\n<meta property=\"og:type\" content=\"article\" \/>\n<meta property=\"og:title\" content=\"Aresu produciamo Formaggi Sardi di qualit\u00e0\" \/>\n<meta property=\"og:description\" content=\"Formaggi Aresu, produzione e vendita di formaggi Sardi con certificazioni di Processo ISO 9001 con consegna in tutta Europa.\" \/>\n<meta property=\"og:url\" content=\"https:\/\/www.formaggiaresu.com\/en\/azienda\/\" \/>\n<meta property=\"og:site_name\" content=\"Formaggi Aresu\" \/>\n<meta property=\"article:modified_time\" content=\"2017-04-27T14:06:43+00:00\" \/>\n<meta name=\"twitter:card\" content=\"summary_large_image\" \/>\n<meta name=\"twitter:label1\" content=\"Gesch\u00e4tzte Lesezeit\" \/>\n\t<meta name=\"twitter:data1\" content=\"29\u00a0Minuten\" \/>\n<script type=\"application\/ld+json\" class=\"yoast-schema-graph\">{\"@context\":\"https:\/\/schema.org\",\"@graph\":[{\"@type\":\"WebPage\",\"@id\":\"https:\/\/www.formaggiaresu.com\/en\/azienda\/\",\"url\":\"https:\/\/www.formaggiaresu.com\/en\/azienda\/\",\"name\":\"Aresu produciamo Formaggi Sardi di qualit\u00e0\",\"isPartOf\":{\"@id\":\"https:\/\/www.formaggiaresu.com\/#website\"},\"datePublished\":\"2016-06-09T12:29:52+00:00\",\"dateModified\":\"2017-04-27T14:06:43+00:00\",\"description\":\"Formaggi Aresu, produzione e vendita di formaggi Sardi con certificazioni di Processo ISO 9001 con consegna in tutta Europa.\",\"breadcrumb\":{\"@id\":\"https:\/\/www.formaggiaresu.com\/en\/azienda\/#breadcrumb\"},\"inLanguage\":\"de\",\"potentialAction\":[{\"@type\":\"ReadAction\",\"target\":[\"https:\/\/www.formaggiaresu.com\/en\/azienda\/\"]}]},{\"@type\":\"BreadcrumbList\",\"@id\":\"https:\/\/www.formaggiaresu.com\/en\/azienda\/#breadcrumb\",\"itemListElement\":[{\"@type\":\"ListItem\",\"position\":1,\"name\":\"Home\",\"item\":\"https:\/\/www.formaggiaresu.com\/\"},{\"@type\":\"ListItem\",\"position\":2,\"name\":\"The factory\"}]},{\"@type\":\"WebSite\",\"@id\":\"https:\/\/www.formaggiaresu.com\/#website\",\"url\":\"https:\/\/www.formaggiaresu.com\/\",\"name\":\"Formaggi Aresu\",\"description\":\"\",\"potentialAction\":[{\"@type\":\"SearchAction\",\"target\":{\"@type\":\"EntryPoint\",\"urlTemplate\":\"https:\/\/www.formaggiaresu.com\/?s={search_term_string}\"},\"query-input\":{\"@type\":\"PropertyValueSpecification\",\"valueRequired\":true,\"valueName\":\"search_term_string\"}}],\"inLanguage\":\"de\"}]}<\/script>\n<!-- \/ Yoast SEO plugin. -->","yoast_head_json":{"title":"Aresu produciamo Formaggi Sardi di qualit\u00e0","description":"Formaggi Aresu, produzione e vendita di formaggi Sardi con certificazioni di Processo ISO 9001 con consegna in tutta Europa.","robots":{"index":"index","follow":"follow","max-snippet":"max-snippet:-1","max-image-preview":"max-image-preview:large","max-video-preview":"max-video-preview:-1"},"canonical":"https:\/\/www.formaggiaresu.com\/en\/azienda\/","og_locale":"de_DE","og_type":"article","og_title":"Aresu produciamo Formaggi Sardi di qualit\u00e0","og_description":"Formaggi Aresu, produzione e vendita di formaggi Sardi con certificazioni di Processo ISO 9001 con consegna in tutta Europa.","og_url":"https:\/\/www.formaggiaresu.com\/en\/azienda\/","og_site_name":"Formaggi Aresu","article_modified_time":"2017-04-27T14:06:43+00:00","twitter_card":"summary_large_image","twitter_misc":{"Gesch\u00e4tzte Lesezeit":"29\u00a0Minuten"},"schema":{"@context":"https:\/\/schema.org","@graph":[{"@type":"WebPage","@id":"https:\/\/www.formaggiaresu.com\/en\/azienda\/","url":"https:\/\/www.formaggiaresu.com\/en\/azienda\/","name":"Aresu produciamo Formaggi Sardi di qualit\u00e0","isPartOf":{"@id":"https:\/\/www.formaggiaresu.com\/#website"},"datePublished":"2016-06-09T12:29:52+00:00","dateModified":"2017-04-27T14:06:43+00:00","description":"Formaggi Aresu, produzione e vendita di formaggi Sardi con certificazioni di Processo ISO 9001 con consegna in tutta Europa.","breadcrumb":{"@id":"https:\/\/www.formaggiaresu.com\/en\/azienda\/#breadcrumb"},"inLanguage":"de","potentialAction":[{"@type":"ReadAction","target":["https:\/\/www.formaggiaresu.com\/en\/azienda\/"]}]},{"@type":"BreadcrumbList","@id":"https:\/\/www.formaggiaresu.com\/en\/azienda\/#breadcrumb","itemListElement":[{"@type":"ListItem","position":1,"name":"Home","item":"https:\/\/www.formaggiaresu.com\/"},{"@type":"ListItem","position":2,"name":"The factory"}]},{"@type":"WebSite","@id":"https:\/\/www.formaggiaresu.com\/#website","url":"https:\/\/www.formaggiaresu.com\/","name":"Formaggi Aresu","description":"","potentialAction":[{"@type":"SearchAction","target":{"@type":"EntryPoint","urlTemplate":"https:\/\/www.formaggiaresu.com\/?s={search_term_string}"},"query-input":{"@type":"PropertyValueSpecification","valueRequired":true,"valueName":"search_term_string"}}],"inLanguage":"de"}]}},"_links":{"self":[{"href":"https:\/\/www.formaggiaresu.com\/de\/wp-json\/wp\/v2\/pages\/12","targetHints":{"allow":["GET"]}}],"collection":[{"href":"https:\/\/www.formaggiaresu.com\/de\/wp-json\/wp\/v2\/pages"}],"about":[{"href":"https:\/\/www.formaggiaresu.com\/de\/wp-json\/wp\/v2\/types\/page"}],"author":[{"embeddable":true,"href":"https:\/\/www.formaggiaresu.com\/de\/wp-json\/wp\/v2\/users\/1"}],"replies":[{"embeddable":true,"href":"https:\/\/www.formaggiaresu.com\/de\/wp-json\/wp\/v2\/comments?post=12"}],"version-history":[{"count":66,"href":"https:\/\/www.formaggiaresu.com\/de\/wp-json\/wp\/v2\/pages\/12\/revisions"}],"predecessor-version":[{"id":1303,"href":"https:\/\/www.formaggiaresu.com\/de\/wp-json\/wp\/v2\/pages\/12\/revisions\/1303"}],"wp:attachment":[{"href":"https:\/\/www.formaggiaresu.com\/de\/wp-json\/wp\/v2\/media?parent=12"}],"curies":[{"name":"wp","href":"https:\/\/api.w.org\/{rel}","templated":true}]}}